{"id":2619,"date":"2024-01-04T17:14:53","date_gmt":"2024-01-04T16:14:53","guid":{"rendered":"https:\/\/metalsradar.com\/shop\/uncategorized\/500g-sztabka-zlota-c-hafner\/"},"modified":"2026-04-21T13:15:05","modified_gmt":"2026-04-21T12:15:05","slug":"500g-sztabka-zlota-c-hafner","status":"publish","type":"product","link":"https:\/\/metalsradar.com\/pl\/produkt\/500g-sztabka-zlota-c-hafner\/","title":{"rendered":"500g Sztabka Z\u0142ota C.Hafner"},"content":{"rendered":"<p><span style=\"font-weight: 400\">Niemiecka mennica C.Hafner mia\u0142a ponad 150 lat, aby do perfekcji dopracowa\u0107 swoj\u0105 technologi\u0119 produkcji z\u0142otych wyrob\u00f3w menniczych. Zwie\u0144czeniem ich stara\u0144 jest wa\u017c\u0105ca 500 gram\u00f3w sztabka wykonana z najczystszego z\u0142ota pr\u00f3by 999,9, o wymiarach 40 x 89,3 x 8 milimetr\u00f3w.\u00a0<\/span><\/p>\n<p><span style=\"font-weight: 400\">Kierowana do wytrawnych i do\u015bwiadczonych inwestor\u00f3w, jest gwarantem najwy\u017cszej jako\u015bci i por\u0119cznym sposobem na przechowywanie sporej ilo\u015bci maj\u0105tku w niewielkiej formie. Ka\u017cda ze sztabek posiada logo producenta, informacj\u0119 o wadze (500 gram\u00f3w), pr\u00f3bie z\u0142ota oraz numer seryjny, sk\u0142adaj\u0105cy si\u0119 z sze\u015bciu cyfr.<\/span><\/p>\n<p><span style=\"font-weight: 400\">W Metals Radar por\u00f3wnasz ceny z\u0142otych sztabek C.Hafner o wadze 500 gram\u00f3w w r\u00f3\u017cnych sklepach online oraz sprawdzisz, jak wypadaj\u0105 na tle podobnych produkt\u00f3w konkurencji, w tym Argor-Heraeus, czy Valcambi.<\/span><\/p>\n","protected":false},"excerpt":{"rendered":"<p>Niemiecka mennica C.Hafner mia\u0142a ponad 150 lat, aby do perfekcji dopracowa\u0107 swoj\u0105 technologi\u0119 produkcji z\u0142otych wyrob\u00f3w menniczych. Zwie\u0144czeniem ich stara\u0144 jest wa\u017c\u0105ca 500 gram\u00f3w sztabka wykonana z najczystszego z\u0142ota pr\u00f3by 999,9, o wymiarach 40 x 89,3 x 8 milimetr\u00f3w.\u00a0 Kierowana do wytrawnych i do\u015bwiadczonych inwestor\u00f3w, jest gwarantem najwy\u017cszej jako\u015bci i por\u0119cznym sposobem na przechowywanie sporej&#8230;<\/p>\n","protected":false},"featured_media":3033,"comment_status":"open","ping_status":"closed","template":"","meta":{"_acf_changed":false,"inline_featured_image":false,"_kad_blocks_custom_css":"","_kad_blocks_head_custom_js":"","_kad_blocks_body_custom_js":"","_kad_blocks_footer_custom_js":"","_kad_post_transparent":"default","_kad_post_title":"","_kad_post_layout":"default","_kad_post_sidebar_id":"","_kad_post_content_style":"default","_kad_post_vertical_padding":"default","_kad_post_feature":"","_kad_post_feature_position":"","_kad_post_header":false,"_kad_post_footer":false,"_glsr_average":0,"_glsr_ranking":0,"_glsr_reviews":0},"product_brand":[],"product_cat":[114],"product_tag":[179],"class_list":{"0":"post-2619","1":"product","2":"type-product","3":"status-publish","4":"has-post-thumbnail","6":"product_cat-500-gramowe-sztabki-zlota","7":"product_tag-hafner","9":"first","10":"outofstock","11":"shipping-taxable","12":"purchasable","13":"product-type-simple","14":"entry","15":"content-bg","16":"loop-entry"},"acf":[],"taxonomy_info":{"product_cat":[{"value":114,"label":"500 gramowe sztabki z\u0142ota"}],"product_tag":[{"value":179,"label":"Hafner"}]},"featured_image_src_large":["https:\/\/metalsradar.com\/wp-content\/uploads\/2024\/01\/500g-gold-bar-c-hafner_92q-49671716f79d2103f3e182150f0bf9da.jpg",308,460,false],"author_info":[],"comment_info":0,"_links":{"self":[{"href":"https:\/\/metalsradar.com\/pl\/wp-json\/wp\/v2\/product\/2619","targetHints":{"allow":["GET"]}}],"collection":[{"href":"https:\/\/metalsradar.com\/pl\/wp-json\/wp\/v2\/product"}],"about":[{"href":"https:\/\/metalsradar.com\/pl\/wp-json\/wp\/v2\/types\/product"}],"replies":[{"embeddable":true,"href":"https:\/\/metalsradar.com\/pl\/wp-json\/wp\/v2\/comments?post=2619"}],"wp:featuredmedia":[{"embeddable":true,"href":"https:\/\/metalsradar.com\/pl\/wp-json\/wp\/v2\/media\/3033"}],"wp:attachment":[{"href":"https:\/\/metalsradar.com\/pl\/wp-json\/wp\/v2\/media?parent=2619"}],"wp:term":[{"taxonomy":"product_brand","embeddable":true,"href":"https:\/\/metalsradar.com\/pl\/wp-json\/wp\/v2\/product_brand?post=2619"},{"taxonomy":"product_cat","embeddable":true,"href":"https:\/\/metalsradar.com\/pl\/wp-json\/wp\/v2\/product_cat?post=2619"},{"taxonomy":"product_tag","embeddable":true,"href":"https:\/\/metalsradar.com\/pl\/wp-json\/wp\/v2\/product_tag?post=2619"}],"curies":[{"name":"wp","href":"https:\/\/api.w.org\/{rel}","templated":true}]}}