{"id":2618,"date":"2024-01-04T17:14:53","date_gmt":"2024-01-04T16:14:53","guid":{"rendered":"https:\/\/metalsradar.com\/shop\/uncategorized\/500g-sztabka-zlota-argor-heraeus\/"},"modified":"2025-09-24T08:54:06","modified_gmt":"2025-09-24T07:54:06","slug":"500g-sztabka-zlota-argor-heraeus","status":"publish","type":"product","link":"https:\/\/metalsradar.com\/pl\/produkt\/500g-sztabka-zlota-argor-heraeus\/","title":{"rendered":"500g Sztabka Z\u0142ota Argor-Heraeus"},"content":{"rendered":"<p><span style=\"font-weight: 400\">Produkowana przez szwajcarsk\u0105 mennic\u0119 Argor-Heraeus 500-gramowa z\u0142ota sztaba jest wykonana z najwy\u017cszej pr\u00f3by z\u0142ota 999,9 i w przeciwie\u0144stwie do mniejszych sztabek, nie jest bita, tylko odlewana. W efekcie, gotowy produkt mo\u017ce posiada\u0107 pewne niedoskona\u0142o\u015bci, jednak posiada unikatowy charakter i przypomina sztabki odlewane ju\u017c kilkaset lat temu.<\/span><\/p>\n<p><span style=\"font-weight: 400\">Na stronie Metals Radar znajdziesz r\u00f3wnie\u017c inne sztabki o wadze 500 gram\u00f3w, w tym wybijane przez PAMP, Valcambi i C. Hafner. Mo\u017cesz zapozna\u0107 si\u0119 r\u00f3wnie\u017c z ofert\u0105 mniejszych i bardziej przyst\u0119pnych cenowo sztabek, zaczynaj\u0105cych si\u0119 ju\u017c od 1 grama.<\/span><\/p>\n","protected":false},"excerpt":{"rendered":"<p>Produkowana przez szwajcarsk\u0105 mennic\u0119 Argor-Heraeus 500-gramowa z\u0142ota sztaba jest wykonana z najwy\u017cszej pr\u00f3by z\u0142ota 999,9 i w przeciwie\u0144stwie do mniejszych sztabek, nie jest bita, tylko odlewana. W efekcie, gotowy produkt mo\u017ce posiada\u0107 pewne niedoskona\u0142o\u015bci, jednak posiada unikatowy charakter i przypomina sztabki odlewane ju\u017c kilkaset lat temu. Na stronie Metals Radar znajdziesz r\u00f3wnie\u017c inne sztabki o&#8230;<\/p>\n","protected":false},"featured_media":3029,"comment_status":"open","ping_status":"closed","template":"","meta":{"_acf_changed":false,"inline_featured_image":false,"_kad_blocks_custom_css":"","_kad_blocks_head_custom_js":"","_kad_blocks_body_custom_js":"","_kad_blocks_footer_custom_js":"","_kad_post_transparent":"default","_kad_post_title":"","_kad_post_layout":"default","_kad_post_sidebar_id":"","_kad_post_content_style":"default","_kad_post_vertical_padding":"default","_kad_post_feature":"","_kad_post_feature_position":"","_kad_post_header":false,"_kad_post_footer":false,"_glsr_average":0,"_glsr_ranking":0,"_glsr_reviews":0},"product_brand":[],"product_cat":[114],"product_tag":[180],"class_list":{"0":"post-2618","1":"product","2":"type-product","3":"status-publish","4":"has-post-thumbnail","6":"product_cat-500-gramowe-sztabki-zlota","7":"product_tag-heraeus","9":"first","10":"instock","11":"shipping-taxable","12":"purchasable","13":"product-type-simple","14":"entry","15":"content-bg","16":"loop-entry"},"acf":[],"taxonomy_info":{"product_cat":[{"value":114,"label":"500 gramowe sztabki z\u0142ota"}],"product_tag":[{"value":180,"label":"Heraeus"}]},"featured_image_src_large":["https:\/\/metalsradar.com\/wp-content\/uploads\/2024\/01\/500g-gold-bar-argor-heraeus-casted_rem-b4ea92a832a9273197735539c4dbca80.jpg",208,460,false],"author_info":[],"comment_info":0,"_links":{"self":[{"href":"https:\/\/metalsradar.com\/pl\/wp-json\/wp\/v2\/product\/2618","targetHints":{"allow":["GET"]}}],"collection":[{"href":"https:\/\/metalsradar.com\/pl\/wp-json\/wp\/v2\/product"}],"about":[{"href":"https:\/\/metalsradar.com\/pl\/wp-json\/wp\/v2\/types\/product"}],"replies":[{"embeddable":true,"href":"https:\/\/metalsradar.com\/pl\/wp-json\/wp\/v2\/comments?post=2618"}],"wp:featuredmedia":[{"embeddable":true,"href":"https:\/\/metalsradar.com\/pl\/wp-json\/wp\/v2\/media\/3029"}],"wp:attachment":[{"href":"https:\/\/metalsradar.com\/pl\/wp-json\/wp\/v2\/media?parent=2618"}],"wp:term":[{"taxonomy":"product_brand","embeddable":true,"href":"https:\/\/metalsradar.com\/pl\/wp-json\/wp\/v2\/product_brand?post=2618"},{"taxonomy":"product_cat","embeddable":true,"href":"https:\/\/metalsradar.com\/pl\/wp-json\/wp\/v2\/product_cat?post=2618"},{"taxonomy":"product_tag","embeddable":true,"href":"https:\/\/metalsradar.com\/pl\/wp-json\/wp\/v2\/product_tag?post=2618"}],"curies":[{"name":"wp","href":"https:\/\/api.w.org\/{rel}","templated":true}]}}