{"id":2612,"date":"2024-01-04T17:14:52","date_gmt":"2024-01-04T16:14:52","guid":{"rendered":"https:\/\/metalsradar.com\/shop\/uncategorized\/250g-sztabka-zlota-argor-heraeus\/"},"modified":"2025-09-24T09:04:38","modified_gmt":"2025-09-24T08:04:38","slug":"250g-sztabka-zlota-argor-heraeus","status":"publish","type":"product","link":"https:\/\/metalsradar.com\/pl\/produkt\/250g-sztabka-zlota-argor-heraeus\/","title":{"rendered":"250g Sztabka Z\u0142ota Argor-Heraeus"},"content":{"rendered":"<p><span style=\"font-weight: 400\">Wa\u017c\u0105ca 250 gram\u00f3w sztabka z\u0142ota bita przez szwajcarskiego producenta Argor-Heraeus, to produkt wykonany z najwy\u017csz\u0105 dba\u0142o\u015bci\u0105 o szczeg\u00f3\u0142y i z wykorzystaniem tylko najlepszych surowc\u00f3w. Specjalista w recyklingu metali szlachetnych oferuje inwestorom sztabki o pr\u00f3bie 999,9 i wymiarze 30,5 x 50 x 9 milimetr\u00f3w, kt\u00f3re s\u0105 doskona\u0142\u0105 form\u0105 zabezpieczenia wi\u0119kszej ilo\u015bci kapita\u0142u.<\/span><\/p>\n<p><span style=\"font-weight: 400\">Tak du\u017ce sztabki wybierane s\u0105 zazwyczaj przez do\u015bwiadczonych i wprawionych inwestor\u00f3w. Argor-Heraeus posiada jednak ofert\u0119 r\u00f3wnie\u017c dla mniejszych kupc\u00f3w detalicznych oraz pocz\u0105tkuj\u0105cych sympatyk\u00f3w wyrob\u00f3w menniczych. Najmniejsze sztabki zaczynaj\u0105 si\u0119 od 1 grama, pozwalaj\u0105c na inwestycj\u0119 w z\u0142oto ju\u017c od kilkuset z\u0142otych.<\/span><\/p>\n","protected":false},"excerpt":{"rendered":"<p>Wa\u017c\u0105ca 250 gram\u00f3w sztabka z\u0142ota bita przez szwajcarskiego producenta Argor-Heraeus, to produkt wykonany z najwy\u017csz\u0105 dba\u0142o\u015bci\u0105 o szczeg\u00f3\u0142y i z wykorzystaniem tylko najlepszych surowc\u00f3w. Specjalista w recyklingu metali szlachetnych oferuje inwestorom sztabki o pr\u00f3bie 999,9 i wymiarze 30,5 x 50 x 9 milimetr\u00f3w, kt\u00f3re s\u0105 doskona\u0142\u0105 form\u0105 zabezpieczenia wi\u0119kszej ilo\u015bci kapita\u0142u. Tak du\u017ce sztabki wybierane&#8230;<\/p>\n","protected":false},"featured_media":3013,"comment_status":"open","ping_status":"closed","template":"","meta":{"_acf_changed":false,"inline_featured_image":false,"_kad_blocks_custom_css":"","_kad_blocks_head_custom_js":"","_kad_blocks_body_custom_js":"","_kad_blocks_footer_custom_js":"","_kad_post_transparent":"default","_kad_post_title":"","_kad_post_layout":"default","_kad_post_sidebar_id":"","_kad_post_content_style":"default","_kad_post_vertical_padding":"default","_kad_post_feature":"","_kad_post_feature_position":"","_kad_post_header":false,"_kad_post_footer":false,"_glsr_average":0,"_glsr_ranking":0,"_glsr_reviews":0},"product_brand":[],"product_cat":[112],"product_tag":[189],"class_list":{"0":"post-2612","1":"product","2":"type-product","3":"status-publish","4":"has-post-thumbnail","6":"product_cat-250-gramowe-sztabki-zlota","7":"product_tag-argor-heraeus","9":"first","10":"instock","11":"shipping-taxable","12":"purchasable","13":"product-type-simple","14":"entry","15":"content-bg","16":"loop-entry"},"acf":[],"taxonomy_info":{"product_cat":[{"value":112,"label":"250 gramowe sztabki z\u0142ota"}],"product_tag":[{"value":189,"label":"Argor-Heraeus"}]},"featured_image_src_large":["https:\/\/metalsradar.com\/wp-content\/uploads\/2024\/01\/250g-gold-bar-argor-heraeus-casted_lkr-4a1a4c3aee5d473f1f648b0702757269.jpg",460,460,false],"author_info":[],"comment_info":0,"_links":{"self":[{"href":"https:\/\/metalsradar.com\/pl\/wp-json\/wp\/v2\/product\/2612","targetHints":{"allow":["GET"]}}],"collection":[{"href":"https:\/\/metalsradar.com\/pl\/wp-json\/wp\/v2\/product"}],"about":[{"href":"https:\/\/metalsradar.com\/pl\/wp-json\/wp\/v2\/types\/product"}],"replies":[{"embeddable":true,"href":"https:\/\/metalsradar.com\/pl\/wp-json\/wp\/v2\/comments?post=2612"}],"wp:featuredmedia":[{"embeddable":true,"href":"https:\/\/metalsradar.com\/pl\/wp-json\/wp\/v2\/media\/3013"}],"wp:attachment":[{"href":"https:\/\/metalsradar.com\/pl\/wp-json\/wp\/v2\/media?parent=2612"}],"wp:term":[{"taxonomy":"product_brand","embeddable":true,"href":"https:\/\/metalsradar.com\/pl\/wp-json\/wp\/v2\/product_brand?post=2612"},{"taxonomy":"product_cat","embeddable":true,"href":"https:\/\/metalsradar.com\/pl\/wp-json\/wp\/v2\/product_cat?post=2612"},{"taxonomy":"product_tag","embeddable":true,"href":"https:\/\/metalsradar.com\/pl\/wp-json\/wp\/v2\/product_tag?post=2612"}],"curies":[{"name":"wp","href":"https:\/\/api.w.org\/{rel}","templated":true}]}}