{"id":2606,"date":"2024-01-04T17:14:52","date_gmt":"2024-01-04T16:14:52","guid":{"rendered":"https:\/\/metalsradar.com\/shop\/uncategorized\/100g-sztabka-zlota-pamp-fortuna\/"},"modified":"2026-04-21T09:57:21","modified_gmt":"2026-04-21T08:57:21","slug":"100g-sztabka-zlota-pamp-fortuna","status":"publish","type":"product","link":"https:\/\/metalsradar.com\/pl\/produkt\/100g-sztabka-zlota-pamp-fortuna\/","title":{"rendered":"100g Sztabka Z\u0142ota PAMP Fortuna"},"content":{"rendered":"<p><span style=\"font-weight: 400\">Szwajcarska mennica Produits Artistiques M\u00e9taux Pr\u00e9cieux (PAMP) od ko\u0144ca lat 70. ubieg\u0142ego wieku oferuje sympatykom metali szlachetnych produkt, kt\u00f3ry jest \u015bwiatowym ewenementem, a mianowicie artystyczne podej\u015bcie do sztabek z\u0142ota.\u00a0<\/span><\/p>\n<p><span style=\"font-weight: 400\">PAMP w ramach kolekcji Fortuna, umieszcza na swoich z\u0142otych sztabkach nie tylko podstawowe informacje o wadze, pr\u00f3bie z\u0142ota oraz numer seryjny, ale r\u00f3wnie\u017c podobizn\u0119 rzymskiej bogini pomy\u015blno\u015bci.\u00a0<\/span><\/p>\n<p><span style=\"font-weight: 400\">Dzi\u0119ki temu, sztabki z serii PAMP Fortuna s\u0105 nie tylko doskona\u0142ym sposobem na d\u0142ugoterminowe przechowywanie maj\u0105tku, ale r\u00f3wnie\u017c inwestycj\u0105 kolekcjonersk\u0105. W oferowanej poni\u017cej wersji, sztabka posiada wymiary 27 x 47 x 2,97 milimetra i mie\u015bci 3,2 uncji troja\u0144skiej z\u0142ota najwy\u017cszej pr\u00f3by 999,9.<\/span><\/p>\n","protected":false},"excerpt":{"rendered":"<p>Szwajcarska mennica Produits Artistiques M\u00e9taux Pr\u00e9cieux (PAMP) od ko\u0144ca lat 70. ubieg\u0142ego wieku oferuje sympatykom metali szlachetnych produkt, kt\u00f3ry jest \u015bwiatowym ewenementem, a mianowicie artystyczne podej\u015bcie do sztabek z\u0142ota.\u00a0 PAMP w ramach kolekcji Fortuna, umieszcza na swoich z\u0142otych sztabkach nie tylko podstawowe informacje o wadze, pr\u00f3bie z\u0142ota oraz numer seryjny, ale r\u00f3wnie\u017c podobizn\u0119 rzymskiej bogini&#8230;<\/p>\n","protected":false},"featured_media":2677,"comment_status":"open","ping_status":"closed","template":"","meta":{"_acf_changed":false,"inline_featured_image":false,"_kad_blocks_custom_css":"","_kad_blocks_head_custom_js":"","_kad_blocks_body_custom_js":"","_kad_blocks_footer_custom_js":"","_kad_post_transparent":"default","_kad_post_title":"","_kad_post_layout":"default","_kad_post_sidebar_id":"","_kad_post_content_style":"default","_kad_post_vertical_padding":"default","_kad_post_feature":"","_kad_post_feature_position":"","_kad_post_header":false,"_kad_post_footer":false,"_glsr_average":0,"_glsr_ranking":0,"_glsr_reviews":0},"product_brand":[],"product_cat":[111],"product_tag":[186],"class_list":{"0":"post-2606","1":"product","2":"type-product","3":"status-publish","4":"has-post-thumbnail","6":"product_cat-100-gramowe-sztabki-zlota","7":"product_tag-pamp-fortuna","9":"first","10":"instock","11":"shipping-taxable","12":"purchasable","13":"product-type-simple","14":"entry","15":"content-bg","16":"loop-entry"},"acf":[],"taxonomy_info":{"product_cat":[{"value":111,"label":"100 gramowe sztabki z\u0142ota"}],"product_tag":[{"value":186,"label":"PAMP Fortuna"}]},"featured_image_src_large":["https:\/\/metalsradar.com\/wp-content\/uploads\/2024\/01\/100g-gold-bar-pamp-fortuna-2_jix-1f1e6e145f46a3bfe1f3a2dd7e326673.jpg",289,460,false],"author_info":[],"comment_info":0,"_links":{"self":[{"href":"https:\/\/metalsradar.com\/pl\/wp-json\/wp\/v2\/product\/2606","targetHints":{"allow":["GET"]}}],"collection":[{"href":"https:\/\/metalsradar.com\/pl\/wp-json\/wp\/v2\/product"}],"about":[{"href":"https:\/\/metalsradar.com\/pl\/wp-json\/wp\/v2\/types\/product"}],"replies":[{"embeddable":true,"href":"https:\/\/metalsradar.com\/pl\/wp-json\/wp\/v2\/comments?post=2606"}],"wp:featuredmedia":[{"embeddable":true,"href":"https:\/\/metalsradar.com\/pl\/wp-json\/wp\/v2\/media\/2677"}],"wp:attachment":[{"href":"https:\/\/metalsradar.com\/pl\/wp-json\/wp\/v2\/media?parent=2606"}],"wp:term":[{"taxonomy":"product_brand","embeddable":true,"href":"https:\/\/metalsradar.com\/pl\/wp-json\/wp\/v2\/product_brand?post=2606"},{"taxonomy":"product_cat","embeddable":true,"href":"https:\/\/metalsradar.com\/pl\/wp-json\/wp\/v2\/product_cat?post=2606"},{"taxonomy":"product_tag","embeddable":true,"href":"https:\/\/metalsradar.com\/pl\/wp-json\/wp\/v2\/product_tag?post=2606"}],"curies":[{"name":"wp","href":"https:\/\/api.w.org\/{rel}","templated":true}]}}