{"id":2603,"date":"2024-01-04T17:14:51","date_gmt":"2024-01-04T16:14:51","guid":{"rendered":"https:\/\/metalsradar.com\/shop\/uncategorized\/50g-sztabka-zlota-argor-heraeus\/"},"modified":"2026-04-18T10:23:38","modified_gmt":"2026-04-18T09:23:38","slug":"50g-sztabka-zlota-argor-heraeus","status":"publish","type":"product","link":"https:\/\/metalsradar.com\/pl\/produkt\/50g-sztabka-zlota-argor-heraeus\/","title":{"rendered":"50g Sztabka Z\u0142ota Argor-Heraeus"},"content":{"rendered":"<p><span style=\"font-weight: 400\">Argor-Heraeus jest szwajcarskim producentem wyrob\u00f3w z metali szlachetnych, kt\u00f3ry s\u0142ynie m.in. z przeznaczonych do cel\u00f3w inwestycyjnych sztabek wykonanych ze z\u0142ota pr\u00f3by 999,9. W\u015br\u00f3d wielu wersji wagowych, znajduje si\u0119 sztabka wa\u017c\u0105ca 50 gram\u00f3w, o wymiarach 28,5 x 49,70 milimetra.<\/span><\/p>\n<p><span style=\"font-weight: 400\">Ka\u017cda ze sztabek, kt\u00f3ra wychodzi spod r\u0105k mennicy Argor-Heraeus posiada szczeg\u00f3\u0142owe zdobienie w postaci logo producenta, kraju produkcji, wagi, jako\u015bci wykorzystanego do produkcji z\u0142ota oraz numeru seryjnego. Ca\u0142o\u015b\u0107 zamkni\u0119to w tak zwanej CertiCard, kt\u00f3ra jest dodatkowym zabezpieczeniem sztabki oraz potwierdzeniem jej autentyczno\u015bci.<\/span><\/p>\n<p><span style=\"font-weight: 400\">Skorzystaj ze strony Metals Radar, aby por\u00f3wna\u0107 ceny sztabek wa\u017c\u0105cych 50 gram\u00f3w u r\u00f3\u017cnych dostawc\u00f3w oraz sprawd\u017a, czym r\u00f3\u017cni\u0105 si\u0119 od siebie wyroby poszczeg\u00f3lnych mennic. Opr\u00f3cz produkt\u00f3w Argor-Heraeus, mo\u017cesz r\u00f3wnie\u017c sprawdzi\u0107 sztabki Valcambi, czy C.Hafner.<\/span><\/p>\n","protected":false},"excerpt":{"rendered":"<p>Argor-Heraeus jest szwajcarskim producentem wyrob\u00f3w z metali szlachetnych, kt\u00f3ry s\u0142ynie m.in. z przeznaczonych do cel\u00f3w inwestycyjnych sztabek wykonanych ze z\u0142ota pr\u00f3by 999,9. W\u015br\u00f3d wielu wersji wagowych, znajduje si\u0119 sztabka wa\u017c\u0105ca 50 gram\u00f3w, o wymiarach 28,5 x 49,70 milimetra. Ka\u017cda ze sztabek, kt\u00f3ra wychodzi spod r\u0105k mennicy Argor-Heraeus posiada szczeg\u00f3\u0142owe zdobienie w postaci logo producenta, kraju&#8230;<\/p>\n","protected":false},"featured_media":2703,"comment_status":"open","ping_status":"closed","template":"","meta":{"_acf_changed":false,"inline_featured_image":false,"_kad_blocks_custom_css":"","_kad_blocks_head_custom_js":"","_kad_blocks_body_custom_js":"","_kad_blocks_footer_custom_js":"","_kad_post_transparent":"default","_kad_post_title":"","_kad_post_layout":"default","_kad_post_sidebar_id":"","_kad_post_content_style":"default","_kad_post_vertical_padding":"default","_kad_post_feature":"","_kad_post_feature_position":"","_kad_post_header":false,"_kad_post_footer":false,"_glsr_average":0,"_glsr_ranking":0,"_glsr_reviews":0},"product_brand":[],"product_cat":[110],"product_tag":[189],"class_list":{"0":"post-2603","1":"product","2":"type-product","3":"status-publish","4":"has-post-thumbnail","6":"product_cat-50-gramowe-sztabki-zlota","7":"product_tag-argor-heraeus","9":"first","10":"instock","11":"shipping-taxable","12":"purchasable","13":"product-type-simple","14":"entry","15":"content-bg","16":"loop-entry"},"acf":[],"taxonomy_info":{"product_cat":[{"value":110,"label":"50 gramowe sztabki z\u0142ota"}],"product_tag":[{"value":189,"label":"Argor-Heraeus"}]},"featured_image_src_large":["https:\/\/metalsradar.com\/wp-content\/uploads\/2024\/01\/50g-gold-bar-argor-heraeus-minted_tqu-621f6b2b8d83599d7dfe6c648518c65e.jpg",289,460,false],"author_info":[],"comment_info":0,"_links":{"self":[{"href":"https:\/\/metalsradar.com\/pl\/wp-json\/wp\/v2\/product\/2603","targetHints":{"allow":["GET"]}}],"collection":[{"href":"https:\/\/metalsradar.com\/pl\/wp-json\/wp\/v2\/product"}],"about":[{"href":"https:\/\/metalsradar.com\/pl\/wp-json\/wp\/v2\/types\/product"}],"replies":[{"embeddable":true,"href":"https:\/\/metalsradar.com\/pl\/wp-json\/wp\/v2\/comments?post=2603"}],"wp:featuredmedia":[{"embeddable":true,"href":"https:\/\/metalsradar.com\/pl\/wp-json\/wp\/v2\/media\/2703"}],"wp:attachment":[{"href":"https:\/\/metalsradar.com\/pl\/wp-json\/wp\/v2\/media?parent=2603"}],"wp:term":[{"taxonomy":"product_brand","embeddable":true,"href":"https:\/\/metalsradar.com\/pl\/wp-json\/wp\/v2\/product_brand?post=2603"},{"taxonomy":"product_cat","embeddable":true,"href":"https:\/\/metalsradar.com\/pl\/wp-json\/wp\/v2\/product_cat?post=2603"},{"taxonomy":"product_tag","embeddable":true,"href":"https:\/\/metalsradar.com\/pl\/wp-json\/wp\/v2\/product_tag?post=2603"}],"curies":[{"name":"wp","href":"https:\/\/api.w.org\/{rel}","templated":true}]}}