{"id":2600,"date":"2024-01-04T17:14:48","date_gmt":"2024-01-04T16:14:48","guid":{"rendered":"https:\/\/metalsradar.com\/shop\/uncategorized\/1-uncja-sztabka-zlota-c-hafner\/"},"modified":"2026-04-18T10:03:45","modified_gmt":"2026-04-18T09:03:45","slug":"1-uncja-sztabka-zlota-c-hafner","status":"publish","type":"product","link":"https:\/\/metalsradar.com\/pl\/produkt\/1-uncja-sztabka-zlota-c-hafner\/","title":{"rendered":"1 Uncja Sztabka Z\u0142ota C.Hafner"},"content":{"rendered":"<p><span style=\"font-weight: 400\">C.Hafner specjalizuje si\u0119 w wybijaniu z\u0142otych sztabek od 1850 roku, dochodz\u0105c w okresie niespe\u0142na 200 lat do menniczej perfekcji. Jej przyk\u0142adem, jest jedna z najbardziej popularnych w\u015br\u00f3d inwestor\u00f3w sztabka o wadze 1 uncji i wymiarach 23,5 x 42 x 1,7 milimetra, wykonana ze z\u0142ota pr\u00f3by 999,9.<\/span><\/p>\n<p><span style=\"font-weight: 400\">Dzi\u0119ki zastosowaniu 24-karatowego z\u0142ota, wa\u017c\u0105ca 1 uncj\u0119 sztabka jest doskona\u0142ym wyborem dla inwestor\u00f3w, kt\u00f3rzy szukaj\u0105 mo\u017cliwo\u015bci bezpiecznego i d\u0142ugoterminowego ulokowania kapita\u0142u w metalach szlachetnych. Za spraw\u0105 swojej popularno\u015bci jest te\u017c bardzo \u0142atwo zbywalna i w razie potrzeby szybko znajdziesz zainteresowanego ni\u0105 kupca.<\/span><\/p>\n<p><span style=\"font-weight: 400\">Dzi\u0119ki Metals Radar mo\u017cesz por\u00f3wna\u0107 ceny sztabek o wadze 1 uncji w r\u00f3\u017cnych sklepach internetowych oraz r\u00f3\u017cnych producent\u00f3w. Opr\u00f3cz C.Hafnera, znajdziesz r\u00f3wnie\u017c sztabki takich mennic jak Valcambi, czy Argor-Heraeus.<\/span><\/p>\n","protected":false},"excerpt":{"rendered":"<p>C.Hafner specjalizuje si\u0119 w wybijaniu z\u0142otych sztabek od 1850 roku, dochodz\u0105c w okresie niespe\u0142na 200 lat do menniczej perfekcji. Jej przyk\u0142adem, jest jedna z najbardziej popularnych w\u015br\u00f3d inwestor\u00f3w sztabka o wadze 1 uncji i wymiarach 23,5 x 42 x 1,7 milimetra, wykonana ze z\u0142ota pr\u00f3by 999,9. Dzi\u0119ki zastosowaniu 24-karatowego z\u0142ota, wa\u017c\u0105ca 1 uncj\u0119 sztabka jest&#8230;<\/p>\n","protected":false},"featured_media":2823,"comment_status":"open","ping_status":"closed","template":"","meta":{"_acf_changed":false,"inline_featured_image":false,"_kad_blocks_custom_css":"","_kad_blocks_head_custom_js":"","_kad_blocks_body_custom_js":"","_kad_blocks_footer_custom_js":"","_kad_post_transparent":"default","_kad_post_title":"","_kad_post_layout":"default","_kad_post_sidebar_id":"","_kad_post_content_style":"default","_kad_post_vertical_padding":"default","_kad_post_feature":"","_kad_post_feature_position":"","_kad_post_header":false,"_kad_post_footer":false,"_glsr_average":0,"_glsr_ranking":0,"_glsr_reviews":0},"product_brand":[],"product_cat":[109],"product_tag":[179],"class_list":{"0":"post-2600","1":"product","2":"type-product","3":"status-publish","4":"has-post-thumbnail","6":"product_cat-1-uncja-sztabki-zlota","7":"product_tag-hafner","9":"first","10":"instock","11":"shipping-taxable","12":"purchasable","13":"product-type-simple","14":"entry","15":"content-bg","16":"loop-entry"},"acf":[],"taxonomy_info":{"product_cat":[{"value":109,"label":"1 uncja sztabki z\u0142ota"}],"product_tag":[{"value":179,"label":"Hafner"}]},"featured_image_src_large":["https:\/\/metalsradar.com\/wp-content\/uploads\/2024\/01\/1-oz-gold-bar-c-hafner_ep9-81a54aedf54a67b7407623dd2ef3439d.jpg",288,460,false],"author_info":[],"comment_info":0,"_links":{"self":[{"href":"https:\/\/metalsradar.com\/pl\/wp-json\/wp\/v2\/product\/2600","targetHints":{"allow":["GET"]}}],"collection":[{"href":"https:\/\/metalsradar.com\/pl\/wp-json\/wp\/v2\/product"}],"about":[{"href":"https:\/\/metalsradar.com\/pl\/wp-json\/wp\/v2\/types\/product"}],"replies":[{"embeddable":true,"href":"https:\/\/metalsradar.com\/pl\/wp-json\/wp\/v2\/comments?post=2600"}],"wp:featuredmedia":[{"embeddable":true,"href":"https:\/\/metalsradar.com\/pl\/wp-json\/wp\/v2\/media\/2823"}],"wp:attachment":[{"href":"https:\/\/metalsradar.com\/pl\/wp-json\/wp\/v2\/media?parent=2600"}],"wp:term":[{"taxonomy":"product_brand","embeddable":true,"href":"https:\/\/metalsradar.com\/pl\/wp-json\/wp\/v2\/product_brand?post=2600"},{"taxonomy":"product_cat","embeddable":true,"href":"https:\/\/metalsradar.com\/pl\/wp-json\/wp\/v2\/product_cat?post=2600"},{"taxonomy":"product_tag","embeddable":true,"href":"https:\/\/metalsradar.com\/pl\/wp-json\/wp\/v2\/product_tag?post=2600"}],"curies":[{"name":"wp","href":"https:\/\/api.w.org\/{rel}","templated":true}]}}