{"id":2586,"date":"2024-01-04T17:14:47","date_gmt":"2024-01-04T16:14:47","guid":{"rendered":"https:\/\/metalsradar.com\/shop\/uncategorized\/5g-sztabka-zlota-pamp-fortuna\/"},"modified":"2026-04-21T13:44:25","modified_gmt":"2026-04-21T12:44:25","slug":"5g-sztabka-zlota-pamp-fortuna","status":"publish","type":"product","link":"https:\/\/metalsradar.com\/pl\/produkt\/5g-sztabka-zlota-pamp-fortuna\/","title":{"rendered":"5g Sztabka Z\u0142ota PAMP Fortuna"},"content":{"rendered":"<p><span style=\"font-weight: 400\">PAMP jest pierwsz\u0105 mennic\u0105 metali szlachetnych, kt\u00f3ra zdecydowa\u0142a si\u0119 ozdobi\u0107 rewersy swoich sztabek. Wprowadzona w 1979 roku kolekcja o nazwie \u201eLady Fortuna\u201d, doda\u0142a z\u0142otym wyrobom nutki artyzmu i do dzisiaj ceniona jest w\u015br\u00f3d inwestor\u00f3w na ca\u0142ym \u015bwiecie. Sta\u0142a si\u0119 te\u017c symbolem autentyczno\u015bci oraz najwy\u017cszej jako\u015bci produkt\u00f3w wychodz\u0105cych spod r\u0105k szwajcarskiej manufaktury.<\/span><\/p>\n<p><span style=\"font-weight: 400\">W wersji wa\u017c\u0105cej 5 gram\u00f3w, z\u0142ota PAMP Fortuna posiada wymiary 13,1 x 22,1 x 0,9 milimetra i jest wybijana z 24-karatowego z\u0142ota (pr\u00f3ba 999,9). Fortuna, rzymska bogini dobrobytu jest przedstawiona ze wszystkimi swoimi mitycznymi atrybutami: snopem pszenicy, makami, rogiem obfito\u015bci, cennymi monetami i ko\u0142em fortuny.\u00a0<\/span><\/p>\n<p><span style=\"font-weight: 400\">Dzi\u0119ki Metals Radar por\u00f3wnasz oferty cenowe PAMP Fortuna w r\u00f3\u017cnych sklepach internetowych, a tak\u017ce sprawdzisz, jak wa\u017c\u0105ca 5 gram sztabka od PAMP wypada na tle konkurencyjnych mennic.<\/span><\/p>\n","protected":false},"excerpt":{"rendered":"<p>PAMP jest pierwsz\u0105 mennic\u0105 metali szlachetnych, kt\u00f3ra zdecydowa\u0142a si\u0119 ozdobi\u0107 rewersy swoich sztabek. Wprowadzona w 1979 roku kolekcja o nazwie \u201eLady Fortuna\u201d, doda\u0142a z\u0142otym wyrobom nutki artyzmu i do dzisiaj ceniona jest w\u015br\u00f3d inwestor\u00f3w na ca\u0142ym \u015bwiecie. Sta\u0142a si\u0119 te\u017c symbolem autentyczno\u015bci oraz najwy\u017cszej jako\u015bci produkt\u00f3w wychodz\u0105cych spod r\u0105k szwajcarskiej manufaktury. W wersji wa\u017c\u0105cej 5&#8230;<\/p>\n","protected":false},"featured_media":2763,"comment_status":"open","ping_status":"closed","template":"","meta":{"_acf_changed":false,"inline_featured_image":false,"_kad_blocks_custom_css":"","_kad_blocks_head_custom_js":"","_kad_blocks_body_custom_js":"","_kad_blocks_footer_custom_js":"","_kad_post_transparent":"default","_kad_post_title":"","_kad_post_layout":"default","_kad_post_sidebar_id":"","_kad_post_content_style":"default","_kad_post_vertical_padding":"default","_kad_post_feature":"","_kad_post_feature_position":"","_kad_post_header":false,"_kad_post_footer":false,"_glsr_average":0,"_glsr_ranking":0,"_glsr_reviews":0},"product_brand":[],"product_cat":[106],"product_tag":[],"class_list":{"0":"post-2586","1":"product","2":"type-product","3":"status-publish","4":"has-post-thumbnail","6":"product_cat-5-gramowe-sztabki-zlota","8":"first","9":"instock","10":"shipping-taxable","11":"purchasable","12":"product-type-simple","13":"entry","14":"content-bg","15":"loop-entry"},"acf":[],"taxonomy_info":{"product_cat":[{"value":106,"label":"5 gramowe sztabki z\u0142ota"}]},"featured_image_src_large":["https:\/\/metalsradar.com\/wp-content\/uploads\/2024\/01\/5g-gold-bar-pamp-fortuna_6o9-d5465a00320f8931783c17f6dde3dd34.jpg",289,460,false],"author_info":[],"comment_info":0,"_links":{"self":[{"href":"https:\/\/metalsradar.com\/pl\/wp-json\/wp\/v2\/product\/2586","targetHints":{"allow":["GET"]}}],"collection":[{"href":"https:\/\/metalsradar.com\/pl\/wp-json\/wp\/v2\/product"}],"about":[{"href":"https:\/\/metalsradar.com\/pl\/wp-json\/wp\/v2\/types\/product"}],"replies":[{"embeddable":true,"href":"https:\/\/metalsradar.com\/pl\/wp-json\/wp\/v2\/comments?post=2586"}],"wp:featuredmedia":[{"embeddable":true,"href":"https:\/\/metalsradar.com\/pl\/wp-json\/wp\/v2\/media\/2763"}],"wp:attachment":[{"href":"https:\/\/metalsradar.com\/pl\/wp-json\/wp\/v2\/media?parent=2586"}],"wp:term":[{"taxonomy":"product_brand","embeddable":true,"href":"https:\/\/metalsradar.com\/pl\/wp-json\/wp\/v2\/product_brand?post=2586"},{"taxonomy":"product_cat","embeddable":true,"href":"https:\/\/metalsradar.com\/pl\/wp-json\/wp\/v2\/product_cat?post=2586"},{"taxonomy":"product_tag","embeddable":true,"href":"https:\/\/metalsradar.com\/pl\/wp-json\/wp\/v2\/product_tag?post=2586"}],"curies":[{"name":"wp","href":"https:\/\/api.w.org\/{rel}","templated":true}]}}