{"id":2580,"date":"2024-01-04T17:14:46","date_gmt":"2024-01-04T16:14:46","guid":{"rendered":"https:\/\/metalsradar.com\/shop\/uncategorized\/1g-sztabka-zlota-heraeus\/"},"modified":"2026-04-19T19:14:09","modified_gmt":"2026-04-19T18:14:09","slug":"1g-sztabka-zlota-heraeus","status":"publish","type":"product","link":"https:\/\/metalsradar.com\/pl\/produkt\/1g-sztabka-zlota-heraeus\/","title":{"rendered":"1g Sztabka Z\u0142ota Heraeus"},"content":{"rendered":"<p><span style=\"font-weight: 400\">Dzia\u0142aj\u0105cy na terenie Niemiec koncern metalowy Heraeus specjalizuje si\u0119 w technologiach metali szlachetnych, w swojej ofercie posiadaj\u0105c m.in. sztabki z\u0142ota o pr\u00f3bie 999,9. Najmniejsz\u0105 z siedmiu dost\u0119pnych sztabek jest ta o wadze 1 grama oraz wymiarach 15 x 8,7 x 0,5 milimetra.<\/span><\/p>\n<p><span style=\"font-weight: 400\">W Metals Radar por\u00f3wnasz ceny sztabek Heraeus w r\u00f3\u017cnych sklepach internetowych, a tak\u017ce sprawdzisz, ile kosztuj\u0105 na tle produkt\u00f3w o podobnej gramaturze znajduj\u0105cych si\u0119 w asortymencie konkurencyjnych mennic, takich jak C.Hafner, Valcambi, czy te\u017c PAMP.<\/span><\/p>\n<p><span style=\"font-weight: 400\">Sztabki o wadze 1 grama s\u0105 polecane pocz\u0105tkuj\u0105cym, kt\u00f3rzy dopiero rozpoczynaj\u0105 swoj\u0105 przygod\u0119 z rynkiem metali szlachetnych. Sprawdz\u0105 si\u0119 r\u00f3wnie\u017c jako unikatowy i oryginalny prezent.<\/span><\/p>\n","protected":false},"excerpt":{"rendered":"<p>Dzia\u0142aj\u0105cy na terenie Niemiec koncern metalowy Heraeus specjalizuje si\u0119 w technologiach metali szlachetnych, w swojej ofercie posiadaj\u0105c m.in. sztabki z\u0142ota o pr\u00f3bie 999,9. Najmniejsz\u0105 z siedmiu dost\u0119pnych sztabek jest ta o wadze 1 grama oraz wymiarach 15 x 8,7 x 0,5 milimetra. W Metals Radar por\u00f3wnasz ceny sztabek Heraeus w r\u00f3\u017cnych sklepach internetowych, a tak\u017ce&#8230;<\/p>\n","protected":false},"featured_media":2869,"comment_status":"open","ping_status":"closed","template":"","meta":{"_acf_changed":false,"inline_featured_image":false,"_kad_blocks_custom_css":"","_kad_blocks_head_custom_js":"","_kad_blocks_body_custom_js":"","_kad_blocks_footer_custom_js":"","_kad_post_transparent":"default","_kad_post_title":"","_kad_post_layout":"default","_kad_post_sidebar_id":"","_kad_post_content_style":"default","_kad_post_vertical_padding":"default","_kad_post_feature":"","_kad_post_feature_position":"","_kad_post_header":false,"_kad_post_footer":false,"_glsr_average":0,"_glsr_ranking":0,"_glsr_reviews":0},"product_brand":[],"product_cat":[104],"product_tag":[180],"class_list":{"0":"post-2580","1":"product","2":"type-product","3":"status-publish","4":"has-post-thumbnail","6":"product_cat-1-gramowe-sztabki-zlota","7":"product_tag-heraeus","9":"first","10":"instock","11":"shipping-taxable","12":"purchasable","13":"product-type-simple","14":"entry","15":"content-bg","16":"loop-entry"},"acf":[],"taxonomy_info":{"product_cat":[{"value":104,"label":"1 gramowe sztabki z\u0142ota"}],"product_tag":[{"value":180,"label":"Heraeus"}]},"featured_image_src_large":["https:\/\/metalsradar.com\/wp-content\/uploads\/2024\/01\/1g-gold-bar-heraeus-png-1fa735c788d59d701bd9cfccf918609a.jpg",309,460,false],"author_info":[],"comment_info":0,"_links":{"self":[{"href":"https:\/\/metalsradar.com\/pl\/wp-json\/wp\/v2\/product\/2580","targetHints":{"allow":["GET"]}}],"collection":[{"href":"https:\/\/metalsradar.com\/pl\/wp-json\/wp\/v2\/product"}],"about":[{"href":"https:\/\/metalsradar.com\/pl\/wp-json\/wp\/v2\/types\/product"}],"replies":[{"embeddable":true,"href":"https:\/\/metalsradar.com\/pl\/wp-json\/wp\/v2\/comments?post=2580"}],"wp:featuredmedia":[{"embeddable":true,"href":"https:\/\/metalsradar.com\/pl\/wp-json\/wp\/v2\/media\/2869"}],"wp:attachment":[{"href":"https:\/\/metalsradar.com\/pl\/wp-json\/wp\/v2\/media?parent=2580"}],"wp:term":[{"taxonomy":"product_brand","embeddable":true,"href":"https:\/\/metalsradar.com\/pl\/wp-json\/wp\/v2\/product_brand?post=2580"},{"taxonomy":"product_cat","embeddable":true,"href":"https:\/\/metalsradar.com\/pl\/wp-json\/wp\/v2\/product_cat?post=2580"},{"taxonomy":"product_tag","embeddable":true,"href":"https:\/\/metalsradar.com\/pl\/wp-json\/wp\/v2\/product_tag?post=2580"}],"curies":[{"name":"wp","href":"https:\/\/api.w.org\/{rel}","templated":true}]}}