{"id":2577,"date":"2024-01-04T17:14:46","date_gmt":"2024-01-04T16:14:46","guid":{"rendered":"https:\/\/metalsradar.com\/shop\/uncategorized\/1g-sztabka-zlota-pamp-fortuna\/"},"modified":"2026-04-19T01:24:36","modified_gmt":"2026-04-19T00:24:36","slug":"1g-sztabka-zlota-pamp-fortuna","status":"publish","type":"product","link":"https:\/\/metalsradar.com\/pl\/produkt\/1g-sztabka-zlota-pamp-fortuna\/","title":{"rendered":"1g Sztabka Z\u0142ota PAMP Fortuna"},"content":{"rendered":"<p><span style=\"font-weight: 400\">Szwajcarska mennica Produits Artistiques M\u00e9taux Pr\u00e9cieux (PAMP) oferuje szerok\u0105 gam\u0119 wyrob\u00f3w z najpopularniejszych metali szlachetnych. Najwa\u017cniejsz\u0105 jest jednak \u015bwiatowej s\u0142awy kolekcja \u201eLady Fortuna\u201d zaprezentowana w 1979 roku, b\u0119d\u0105ca pierwszym projektem artystycznym, kt\u00f3ry kiedykolwiek zdobi\u0142 wykonane ze z\u0142ota sztabki.<\/span><\/p>\n<p><span style=\"font-weight: 400\">W\u015br\u00f3d wielu dost\u0119pnych wielko\u015bci i kszta\u0142t\u00f3w sztabek PAMP Fortuna, najmniejsza wa\u017cy zaledwie 1 gram, pozwalaj\u0105c rozpocz\u0105\u0107 przygod\u0119 z inwestowaniem w z\u0142oto bulionowe ju\u017c od niewielkich kwot.<\/span><\/p>\n<p><span style=\"font-weight: 400\">Sztabka zosta\u0142a wykonana ze z\u0142ota pr\u00f3by 999,9 i posiada rozmiary 8,9 x 14,7 x 0,4 milimetra. Do inwestora dostarczana jest w charakterystycznym granatowo-bia\u0142ym opakowaniu zabezpieczaj\u0105cym. Na rewersie prezentuje posta\u0107 tytu\u0142owej Fortuny, a na awersie informacje o gramaturze, pr\u00f3bie z\u0142ota oraz unikatowy numer seryjny.<\/span><\/p>\n","protected":false},"excerpt":{"rendered":"<p>Szwajcarska mennica Produits Artistiques M\u00e9taux Pr\u00e9cieux (PAMP) oferuje szerok\u0105 gam\u0119 wyrob\u00f3w z najpopularniejszych metali szlachetnych. Najwa\u017cniejsz\u0105 jest jednak \u015bwiatowej s\u0142awy kolekcja \u201eLady Fortuna\u201d zaprezentowana w 1979 roku, b\u0119d\u0105ca pierwszym projektem artystycznym, kt\u00f3ry kiedykolwiek zdobi\u0142 wykonane ze z\u0142ota sztabki. W\u015br\u00f3d wielu dost\u0119pnych wielko\u015bci i kszta\u0142t\u00f3w sztabek PAMP Fortuna, najmniejsza wa\u017cy zaledwie 1 gram, pozwalaj\u0105c rozpocz\u0105\u0107 przygod\u0119&#8230;<\/p>\n","protected":false},"featured_media":2873,"comment_status":"open","ping_status":"closed","template":"","meta":{"_acf_changed":false,"inline_featured_image":false,"_kad_blocks_custom_css":"","_kad_blocks_head_custom_js":"","_kad_blocks_body_custom_js":"","_kad_blocks_footer_custom_js":"","_kad_post_transparent":"default","_kad_post_title":"","_kad_post_layout":"default","_kad_post_sidebar_id":"","_kad_post_content_style":"default","_kad_post_vertical_padding":"default","_kad_post_feature":"","_kad_post_feature_position":"","_kad_post_header":false,"_kad_post_footer":false,"_glsr_average":0,"_glsr_ranking":0,"_glsr_reviews":0},"product_brand":[],"product_cat":[104],"product_tag":[186],"class_list":{"0":"post-2577","1":"product","2":"type-product","3":"status-publish","4":"has-post-thumbnail","6":"product_cat-1-gramowe-sztabki-zlota","7":"product_tag-pamp-fortuna","9":"first","10":"instock","11":"shipping-taxable","12":"purchasable","13":"product-type-simple","14":"entry","15":"content-bg","16":"loop-entry"},"acf":[],"taxonomy_info":{"product_cat":[{"value":104,"label":"1 gramowe sztabki z\u0142ota"}],"product_tag":[{"value":186,"label":"PAMP Fortuna"}]},"featured_image_src_large":["https:\/\/metalsradar.com\/wp-content\/uploads\/2024\/01\/1g-gold-bar-pamp-fortuna_lkp-2cdfa81cb98e37a2b7d56ef218e6f752.jpg",288,460,false],"author_info":[],"comment_info":0,"_links":{"self":[{"href":"https:\/\/metalsradar.com\/pl\/wp-json\/wp\/v2\/product\/2577","targetHints":{"allow":["GET"]}}],"collection":[{"href":"https:\/\/metalsradar.com\/pl\/wp-json\/wp\/v2\/product"}],"about":[{"href":"https:\/\/metalsradar.com\/pl\/wp-json\/wp\/v2\/types\/product"}],"replies":[{"embeddable":true,"href":"https:\/\/metalsradar.com\/pl\/wp-json\/wp\/v2\/comments?post=2577"}],"wp:featuredmedia":[{"embeddable":true,"href":"https:\/\/metalsradar.com\/pl\/wp-json\/wp\/v2\/media\/2873"}],"wp:attachment":[{"href":"https:\/\/metalsradar.com\/pl\/wp-json\/wp\/v2\/media?parent=2577"}],"wp:term":[{"taxonomy":"product_brand","embeddable":true,"href":"https:\/\/metalsradar.com\/pl\/wp-json\/wp\/v2\/product_brand?post=2577"},{"taxonomy":"product_cat","embeddable":true,"href":"https:\/\/metalsradar.com\/pl\/wp-json\/wp\/v2\/product_cat?post=2577"},{"taxonomy":"product_tag","embeddable":true,"href":"https:\/\/metalsradar.com\/pl\/wp-json\/wp\/v2\/product_tag?post=2577"}],"curies":[{"name":"wp","href":"https:\/\/api.w.org\/{rel}","templated":true}]}}