{"id":2575,"date":"2024-01-04T17:14:45","date_gmt":"2024-01-04T16:14:45","guid":{"rendered":"https:\/\/metalsradar.com\/shop\/uncategorized\/sztabka-srebra-inwestycyjnego-1-kg\/"},"modified":"2026-04-21T13:24:27","modified_gmt":"2026-04-21T12:24:27","slug":"1-kilogram-sztabka-srebra-inwestycyjnego","status":"publish","type":"product","link":"https:\/\/metalsradar.com\/pl\/produkt\/1-kilogram-sztabka-srebra-inwestycyjnego\/","title":{"rendered":"Sztabka srebra inwestycyjnego 1 kg"},"content":{"rendered":"<p><span style=\"font-weight: 400\">Inwestuj\u0105c kilka tysi\u0119cy z\u0142otych w srebrn\u0105 sztabk\u0119 o wadze 1 kilograma (pond 32 uncji troja\u0144skich) i najwy\u017cszej pr\u00f3bie 999, zapewniasz sobie ekspozycj\u0119 na metal szlachetny, kt\u00f3rego warto\u015b\u0107 potrafi zyska\u0107 w d\u0142ugim terminie.\u00a0<\/span><\/p>\n<p><span style=\"font-weight: 400\">Od pandemicznych do\u0142k\u00f3w z marca 2020 roku, cena srebra wzros\u0142a dwukrotnie, b\u0119d\u0105c jednak zdecydowanie ni\u017csz\u0105 ni\u017c w przypadku z\u0142ota, kt\u00f3rego uncja kosztuje stukrotnie wi\u0119cej, co powoduje, \u017ce srebro jest bardzo ciekaw\u0105 alternatyw\u0105 dla ma\u0142ych inwestor\u00f3w detalicznych oraz os\u00f3b, kt\u00f3re dopiero rozpoczynaj\u0105 swoj\u0105 przygod\u0119 z rynkiem metali szlachetnych.<\/span><\/p>\n<p><span style=\"font-weight: 400\">Dzi\u0119ki por\u00f3wnywarce Metals Radar, sprawdzisz jak kszta\u0142tuj\u0105 si\u0119 ceny srebrnych sztabek wa\u017c\u0105cych 1 kilogram w popularnych sklepach online i mennicach internetowych. Razem z nami znajdziesz najkorzystniejsze oferty i zabezpieczysz sw\u00f3j maj\u0105tek przed inflacj\u0105 oraz niepewno\u015bci\u0105 gospodarcz\u0105.<\/span><\/p>\n","protected":false},"excerpt":{"rendered":"<p>Inwestuj\u0105c kilka tysi\u0119cy z\u0142otych w srebrn\u0105 sztabk\u0119 o wadze 1 kilograma (pond 32 uncji troja\u0144skich) i najwy\u017cszej pr\u00f3bie 999, zapewniasz sobie ekspozycj\u0119 na metal szlachetny, kt\u00f3rego warto\u015b\u0107 potrafi zyska\u0107 w d\u0142ugim terminie.\u00a0 Od pandemicznych do\u0142k\u00f3w z marca 2020 roku, cena srebra wzros\u0142a dwukrotnie, b\u0119d\u0105c jednak zdecydowanie ni\u017csz\u0105 ni\u017c w przypadku z\u0142ota, kt\u00f3rego uncja kosztuje stukrotnie&#8230;<\/p>\n","protected":false},"featured_media":2626,"comment_status":"open","ping_status":"closed","template":"","meta":{"_acf_changed":false,"inline_featured_image":false,"_kad_blocks_custom_css":"","_kad_blocks_head_custom_js":"","_kad_blocks_body_custom_js":"","_kad_blocks_footer_custom_js":"","_kad_post_transparent":"default","_kad_post_title":"","_kad_post_layout":"default","_kad_post_sidebar_id":"","_kad_post_content_style":"default","_kad_post_vertical_padding":"default","_kad_post_feature":"","_kad_post_feature_position":"","_kad_post_header":false,"_kad_post_footer":false,"_glsr_average":0,"_glsr_ranking":0,"_glsr_reviews":0},"product_brand":[],"product_cat":[103],"product_tag":[],"class_list":{"0":"post-2575","1":"product","2":"type-product","3":"status-publish","4":"has-post-thumbnail","6":"product_cat-1-kilogram-sztabki-srebra","8":"first","9":"instock","10":"shipping-taxable","11":"purchasable","12":"product-type-simple","13":"entry","14":"content-bg","15":"loop-entry"},"acf":[],"taxonomy_info":{"product_cat":[{"value":103,"label":"1 kilogram Sztabki Srebra"}]},"featured_image_src_large":["https:\/\/metalsradar.com\/wp-content\/uploads\/2024\/01\/1-kilo-silver-bar-valcambi_bl5-29e19b4018ff58135d73f40eaf56f091.jpg",460,460,false],"author_info":[],"comment_info":0,"_links":{"self":[{"href":"https:\/\/metalsradar.com\/pl\/wp-json\/wp\/v2\/product\/2575","targetHints":{"allow":["GET"]}}],"collection":[{"href":"https:\/\/metalsradar.com\/pl\/wp-json\/wp\/v2\/product"}],"about":[{"href":"https:\/\/metalsradar.com\/pl\/wp-json\/wp\/v2\/types\/product"}],"replies":[{"embeddable":true,"href":"https:\/\/metalsradar.com\/pl\/wp-json\/wp\/v2\/comments?post=2575"}],"wp:featuredmedia":[{"embeddable":true,"href":"https:\/\/metalsradar.com\/pl\/wp-json\/wp\/v2\/media\/2626"}],"wp:attachment":[{"href":"https:\/\/metalsradar.com\/pl\/wp-json\/wp\/v2\/media?parent=2575"}],"wp:term":[{"taxonomy":"product_brand","embeddable":true,"href":"https:\/\/metalsradar.com\/pl\/wp-json\/wp\/v2\/product_brand?post=2575"},{"taxonomy":"product_cat","embeddable":true,"href":"https:\/\/metalsradar.com\/pl\/wp-json\/wp\/v2\/product_cat?post=2575"},{"taxonomy":"product_tag","embeddable":true,"href":"https:\/\/metalsradar.com\/pl\/wp-json\/wp\/v2\/product_tag?post=2575"}],"curies":[{"name":"wp","href":"https:\/\/api.w.org\/{rel}","templated":true}]}}