{"id":2574,"date":"2024-01-04T17:14:45","date_gmt":"2024-01-04T16:14:45","guid":{"rendered":"https:\/\/metalsradar.com\/shop\/uncategorized\/500-gramowe-srebrne-sztabki\/"},"modified":"2026-04-21T13:15:26","modified_gmt":"2026-04-21T12:15:26","slug":"500-gramowe-sztabki-srebra","status":"publish","type":"product","link":"https:\/\/metalsradar.com\/pl\/produkt\/500-gramowe-sztabki-srebra\/","title":{"rendered":"500 Gramowe Sztabki Srebra"},"content":{"rendered":"<p><span style=\"font-weight: 400\">Srebro, to nie tylko przyst\u0119pniejszy cenowo metal w por\u00f3wnaniu do z\u0142ota, ale r\u00f3wnie\u017c znajduj\u0105cy o wiele wi\u0119cej zastosowa\u0144 we wsp\u00f3\u0142czesnym przemy\u015ble. W zwi\u0105zku z tym, prognozy zmian jego d\u0142ugoterminowej warto\u015bci s\u0105 cz\u0119sto bardziej optymistyczne.<\/span><\/p>\n<p><span style=\"font-weight: 400\">Niska cena i perspektywy wysokich st\u00f3p zwrotu to idealne po\u0142\u0105czenie dla pocz\u0105tkuj\u0105cych inwestor\u00f3w, kt\u00f3rzy chc\u0105 wej\u015b\u0107 na rynek metali szlachetnych. Swoj\u0105 w\u0142asn\u0105 przygod\u0119 mo\u017cna rozpocz\u0105\u0107 od kupna srebrnej sztabki o wadze 500 gram\u00f3w, czyli ponad 16 uncji troja\u0144skich.<\/span><\/p>\n<p><span style=\"font-weight: 400\">Wykonane z najczystszego dost\u0119pnego srebra o pr\u00f3bie 999 s\u0105 por\u0119czn\u0105 i bezpieczn\u0105 form\u0105 przechowywania maj\u0105tku w d\u0142ugim terminie. Dzi\u0119ki Metals Radar, por\u00f3wnasz oferty srebrnych sztabek wa\u017c\u0105cych 500 gram\u00f3w w r\u00f3\u017cnych sklepach i mennicach, wybieraj\u0105c te najkorzystniejsze cenowo.<\/span><\/p>\n","protected":false},"excerpt":{"rendered":"<p>Srebro, to nie tylko przyst\u0119pniejszy cenowo metal w por\u00f3wnaniu do z\u0142ota, ale r\u00f3wnie\u017c znajduj\u0105cy o wiele wi\u0119cej zastosowa\u0144 we wsp\u00f3\u0142czesnym przemy\u015ble. W zwi\u0105zku z tym, prognozy zmian jego d\u0142ugoterminowej warto\u015bci s\u0105 cz\u0119sto bardziej optymistyczne. Niska cena i perspektywy wysokich st\u00f3p zwrotu to idealne po\u0142\u0105czenie dla pocz\u0105tkuj\u0105cych inwestor\u00f3w, kt\u00f3rzy chc\u0105 wej\u015b\u0107 na rynek metali szlachetnych. Swoj\u0105&#8230;<\/p>\n","protected":false},"featured_media":2628,"comment_status":"open","ping_status":"closed","template":"","meta":{"_acf_changed":false,"inline_featured_image":false,"_kad_blocks_custom_css":"","_kad_blocks_head_custom_js":"","_kad_blocks_body_custom_js":"","_kad_blocks_footer_custom_js":"","_kad_post_transparent":"default","_kad_post_title":"","_kad_post_layout":"default","_kad_post_sidebar_id":"","_kad_post_content_style":"default","_kad_post_vertical_padding":"default","_kad_post_feature":"","_kad_post_feature_position":"","_kad_post_header":false,"_kad_post_footer":false,"_glsr_average":0,"_glsr_ranking":0,"_glsr_reviews":0},"product_brand":[],"product_cat":[102],"product_tag":[],"class_list":{"0":"post-2574","1":"product","2":"type-product","3":"status-publish","4":"has-post-thumbnail","6":"product_cat-500-gramowe-sztabki-srebra","8":"first","9":"outofstock","10":"shipping-taxable","11":"purchasable","12":"product-type-simple","13":"entry","14":"content-bg","15":"loop-entry"},"acf":[],"taxonomy_info":{"product_cat":[{"value":102,"label":"500 Gramowe Sztabki Srebra"}]},"featured_image_src_large":["https:\/\/metalsradar.com\/wp-content\/uploads\/2024\/01\/500g-silver-bar-nadir-metal-rafineri_zsa-f27c0ea14ae2d0cc3b6ac7d7c5900702.jpg",460,460,false],"author_info":[],"comment_info":0,"_links":{"self":[{"href":"https:\/\/metalsradar.com\/pl\/wp-json\/wp\/v2\/product\/2574","targetHints":{"allow":["GET"]}}],"collection":[{"href":"https:\/\/metalsradar.com\/pl\/wp-json\/wp\/v2\/product"}],"about":[{"href":"https:\/\/metalsradar.com\/pl\/wp-json\/wp\/v2\/types\/product"}],"replies":[{"embeddable":true,"href":"https:\/\/metalsradar.com\/pl\/wp-json\/wp\/v2\/comments?post=2574"}],"wp:featuredmedia":[{"embeddable":true,"href":"https:\/\/metalsradar.com\/pl\/wp-json\/wp\/v2\/media\/2628"}],"wp:attachment":[{"href":"https:\/\/metalsradar.com\/pl\/wp-json\/wp\/v2\/media?parent=2574"}],"wp:term":[{"taxonomy":"product_brand","embeddable":true,"href":"https:\/\/metalsradar.com\/pl\/wp-json\/wp\/v2\/product_brand?post=2574"},{"taxonomy":"product_cat","embeddable":true,"href":"https:\/\/metalsradar.com\/pl\/wp-json\/wp\/v2\/product_cat?post=2574"},{"taxonomy":"product_tag","embeddable":true,"href":"https:\/\/metalsradar.com\/pl\/wp-json\/wp\/v2\/product_tag?post=2574"}],"curies":[{"name":"wp","href":"https:\/\/api.w.org\/{rel}","templated":true}]}}