{"id":2573,"date":"2024-01-04T17:14:45","date_gmt":"2024-01-04T16:14:45","guid":{"rendered":"https:\/\/metalsradar.com\/shop\/uncategorized\/250-gramowe-srebrne-sztabki\/"},"modified":"2026-04-21T15:15:46","modified_gmt":"2026-04-21T14:15:46","slug":"250-gramowe-sztabki-srebra","status":"publish","type":"product","link":"https:\/\/metalsradar.com\/pl\/produkt\/250-gramowe-sztabki-srebra\/","title":{"rendered":"250 Gramowe Sztabki Srebrna"},"content":{"rendered":"<p><span style=\"font-weight: 400\">Staj\u0105c si\u0119 posiadaczem sztabki srebra o wadze 250 gram\u00f3w, zyskujesz ekspozycj\u0119 na ponad 8 uncji troja\u0144skich jednego z najpopularniejszych metali szlachetnych w\u015br\u00f3d inwestor\u00f3w i kolekcjoner\u00f3w na ca\u0142ym \u015bwiecie.<\/span><\/p>\n<p><span style=\"font-weight: 400\">W odr\u00f3\u017cnieniu od z\u0142ota, srebro jest o wiele ta\u0144sze i bardziej dost\u0119pne dla mniejszych konsument\u00f3w detalicznych, b\u0119d\u0105c idealnym surowcem do rozpocz\u0119cia swojej przygody z inwestowaniem w cenne metale.\u00a0<\/span><\/p>\n<p><span style=\"font-weight: 400\">Sztabki wa\u017c\u0105ce 250 gram\u00f3w, posiadaj\u0105 atrakcyjne ceny, a dzi\u0119ki najwy\u017cszej pr\u00f3bie srebra wynosz\u0105cej 999, s\u0105 doskona\u0142ym d\u0142ugoterminowym zabezpieczeniem Twojego maj\u0105tku. Sprawdz\u0105 si\u0119 tak\u017ce jako oryginalny prezent.<\/span><\/p>\n<p><span style=\"font-weight: 400\">Skorzystaj ju\u017c teraz z por\u00f3wnywarki Metals Radar i znajd\u017a sztabki po najni\u017cszych cenach, oferowane przez popularne i zaufane polskie mennice oraz sklepy online.<\/span><\/p>\n","protected":false},"excerpt":{"rendered":"<p>Staj\u0105c si\u0119 posiadaczem sztabki srebra o wadze 250 gram\u00f3w, zyskujesz ekspozycj\u0119 na ponad 8 uncji troja\u0144skich jednego z najpopularniejszych metali szlachetnych w\u015br\u00f3d inwestor\u00f3w i kolekcjoner\u00f3w na ca\u0142ym \u015bwiecie. W odr\u00f3\u017cnieniu od z\u0142ota, srebro jest o wiele ta\u0144sze i bardziej dost\u0119pne dla mniejszych konsument\u00f3w detalicznych, b\u0119d\u0105c idealnym surowcem do rozpocz\u0119cia swojej przygody z inwestowaniem w cenne&#8230;<\/p>\n","protected":false},"featured_media":2632,"comment_status":"open","ping_status":"closed","template":"","meta":{"_acf_changed":false,"inline_featured_image":false,"_kad_blocks_custom_css":"","_kad_blocks_head_custom_js":"","_kad_blocks_body_custom_js":"","_kad_blocks_footer_custom_js":"","_kad_post_transparent":"default","_kad_post_title":"","_kad_post_layout":"default","_kad_post_sidebar_id":"","_kad_post_content_style":"default","_kad_post_vertical_padding":"default","_kad_post_feature":"","_kad_post_feature_position":"","_kad_post_header":false,"_kad_post_footer":false,"_glsr_average":0,"_glsr_ranking":0,"_glsr_reviews":0},"product_brand":[],"product_cat":[101],"product_tag":[],"class_list":{"0":"post-2573","1":"product","2":"type-product","3":"status-publish","4":"has-post-thumbnail","6":"product_cat-250-gramowe-sztabki-srebra","8":"first","9":"instock","10":"shipping-taxable","11":"purchasable","12":"product-type-simple","13":"entry","14":"content-bg","15":"loop-entry"},"acf":[],"taxonomy_info":{"product_cat":[{"value":101,"label":"250 Gramowe Sztabki Srebra"}]},"featured_image_src_large":["https:\/\/metalsradar.com\/wp-content\/uploads\/2024\/01\/250g-silver-bar-nadir-metal-rafineri_yac-f94581740494b5de7d6d373f637bc9c4.jpg",460,460,false],"author_info":[],"comment_info":0,"_links":{"self":[{"href":"https:\/\/metalsradar.com\/pl\/wp-json\/wp\/v2\/product\/2573","targetHints":{"allow":["GET"]}}],"collection":[{"href":"https:\/\/metalsradar.com\/pl\/wp-json\/wp\/v2\/product"}],"about":[{"href":"https:\/\/metalsradar.com\/pl\/wp-json\/wp\/v2\/types\/product"}],"replies":[{"embeddable":true,"href":"https:\/\/metalsradar.com\/pl\/wp-json\/wp\/v2\/comments?post=2573"}],"wp:featuredmedia":[{"embeddable":true,"href":"https:\/\/metalsradar.com\/pl\/wp-json\/wp\/v2\/media\/2632"}],"wp:attachment":[{"href":"https:\/\/metalsradar.com\/pl\/wp-json\/wp\/v2\/media?parent=2573"}],"wp:term":[{"taxonomy":"product_brand","embeddable":true,"href":"https:\/\/metalsradar.com\/pl\/wp-json\/wp\/v2\/product_brand?post=2573"},{"taxonomy":"product_cat","embeddable":true,"href":"https:\/\/metalsradar.com\/pl\/wp-json\/wp\/v2\/product_cat?post=2573"},{"taxonomy":"product_tag","embeddable":true,"href":"https:\/\/metalsradar.com\/pl\/wp-json\/wp\/v2\/product_tag?post=2573"}],"curies":[{"name":"wp","href":"https:\/\/api.w.org\/{rel}","templated":true}]}}