{"id":2568,"date":"2024-01-04T17:06:05","date_gmt":"2024-01-04T16:06:05","guid":{"rendered":"https:\/\/metalsradar.com\/?post_type=product&#038;p=2568"},"modified":"2026-04-21T15:15:46","modified_gmt":"2026-04-21T14:15:46","slug":"100-gramowe-sztabki-srebra","status":"publish","type":"product","link":"https:\/\/metalsradar.com\/pl\/produkt\/100-gramowe-sztabki-srebra\/","title":{"rendered":"100 Gramowe Sztabki Srebra"},"content":{"rendered":"<p><span style=\"font-weight: 400\">Szukasz bezpiecznego i prostego sposobu na rozpocz\u0119cie przygody z inwestowaniem w metale szlachetne? Chcia\u0142by\u015b jednak zacz\u0105\u0107 od mniejszych kwot? W takim razie srebrne sztabki o wadze 100 gram\u00f3w, wykonane z surowca najwy\u017cszej pr\u00f3by 999, b\u0119d\u0105 dla Ciebie doskona\u0142ym wyborem.<\/span><\/p>\n<p><span style=\"font-weight: 400\">Sztabki o tej wadze dost\u0119pne s\u0105 ju\u017c od kilkuset z\u0142otych, wi\u0119c sprawdz\u0105 si\u0119 doskonale jako pierwsza inwestycja na rynku metali szlachetnych. Ponadto, wysoka jako\u015b\u0107 wykorzystanego do ich produkcji surowca sprawia, \u017ce s\u0105 idealnym sposobem na d\u0142ugoterminowe zabezpieczenie kapita\u0142u.<\/span><\/p>\n<p><span style=\"font-weight: 400\">Na stronie Metals Radar mo\u017cesz por\u00f3wna\u0107 ceny srebrnych sztabek o wadze 100 gram\u00f3w w najpopularniejszych polskich sklepach internetowych i mennicach. Razem z nami znajdziesz najkorzystniejsze oferty i rozpoczniesz swoj\u0105 przygod\u0119 z inwestowaniem w metale szlachetne.<\/span><\/p>\n","protected":false},"excerpt":{"rendered":"<p>Szukasz bezpiecznego i prostego sposobu na rozpocz\u0119cie przygody z inwestowaniem w metale szlachetne? Chcia\u0142by\u015b jednak zacz\u0105\u0107 od mniejszych kwot? W takim razie srebrne sztabki o wadze 100 gram\u00f3w, wykonane z surowca najwy\u017cszej pr\u00f3by 999, b\u0119d\u0105 dla Ciebie doskona\u0142ym wyborem. Sztabki o tej wadze dost\u0119pne s\u0105 ju\u017c od kilkuset z\u0142otych, wi\u0119c sprawdz\u0105 si\u0119 doskonale jako pierwsza&#8230;<\/p>\n","protected":false},"featured_media":2624,"comment_status":"open","ping_status":"closed","template":"","meta":{"_acf_changed":false,"inline_featured_image":false,"_kad_blocks_custom_css":"","_kad_blocks_head_custom_js":"","_kad_blocks_body_custom_js":"","_kad_blocks_footer_custom_js":"","_kad_post_transparent":"default","_kad_post_title":"","_kad_post_layout":"default","_kad_post_sidebar_id":"","_kad_post_content_style":"default","_kad_post_vertical_padding":"default","_kad_post_feature":"","_kad_post_feature_position":"","_kad_post_header":false,"_kad_post_footer":false,"_glsr_average":0,"_glsr_ranking":0,"_glsr_reviews":0},"product_brand":[],"product_cat":[100],"product_tag":[],"class_list":{"0":"post-2568","1":"product","2":"type-product","3":"status-publish","4":"has-post-thumbnail","6":"product_cat-100-gramowe-sztabki-srebra","8":"first","9":"instock","10":"shipping-taxable","11":"purchasable","12":"product-type-simple","13":"entry","14":"content-bg","15":"loop-entry"},"acf":[],"taxonomy_info":{"product_cat":[{"value":100,"label":"100 Gramowe Sztabki Srebra"}]},"featured_image_src_large":["https:\/\/metalsradar.com\/wp-content\/uploads\/2024\/01\/100-g-sztabka-srebra-wysylka-24h.jpg",460,460,false],"author_info":[],"comment_info":0,"_links":{"self":[{"href":"https:\/\/metalsradar.com\/pl\/wp-json\/wp\/v2\/product\/2568","targetHints":{"allow":["GET"]}}],"collection":[{"href":"https:\/\/metalsradar.com\/pl\/wp-json\/wp\/v2\/product"}],"about":[{"href":"https:\/\/metalsradar.com\/pl\/wp-json\/wp\/v2\/types\/product"}],"replies":[{"embeddable":true,"href":"https:\/\/metalsradar.com\/pl\/wp-json\/wp\/v2\/comments?post=2568"}],"wp:featuredmedia":[{"embeddable":true,"href":"https:\/\/metalsradar.com\/pl\/wp-json\/wp\/v2\/media\/2624"}],"wp:attachment":[{"href":"https:\/\/metalsradar.com\/pl\/wp-json\/wp\/v2\/media?parent=2568"}],"wp:term":[{"taxonomy":"product_brand","embeddable":true,"href":"https:\/\/metalsradar.com\/pl\/wp-json\/wp\/v2\/product_brand?post=2568"},{"taxonomy":"product_cat","embeddable":true,"href":"https:\/\/metalsradar.com\/pl\/wp-json\/wp\/v2\/product_cat?post=2568"},{"taxonomy":"product_tag","embeddable":true,"href":"https:\/\/metalsradar.com\/pl\/wp-json\/wp\/v2\/product_tag?post=2568"}],"curies":[{"name":"wp","href":"https:\/\/api.w.org\/{rel}","templated":true}]}}