{"id":2403,"date":"2024-01-04T12:39:12","date_gmt":"2024-01-04T11:39:12","guid":{"rendered":"https:\/\/metalsradar.com\/shop\/uncategorized\/25-uncji-krugerrand-srebrna-moneta\/"},"modified":"2026-04-18T10:15:48","modified_gmt":"2026-04-18T09:15:48","slug":"25-uncji-krugerrand-srebrna-moneta","status":"publish","type":"product","link":"https:\/\/metalsradar.com\/pl\/produkt\/25-uncji-krugerrand-srebrna-moneta\/","title":{"rendered":"25 uncji Krugerrand Srebrna Moneta"},"content":{"rendered":"<p><span style=\"font-weight: 400\">Krugerrandy to najpopularniejsze i najcz\u0119\u015bciej bite monety bulionowe na \u015bwiecie. Chocia\u017c wersja z\u0142ota jest dost\u0119pna od dziesi\u0119cioleci, to edycja srebrna ci\u0105gle stanowi nowo\u015b\u0107 dost\u0119pn\u0105 na rynku od 2017 roku. Powsta\u0142a z okazji 50-lecia emisji z\u0142otych monet Republiki Po\u0142udniowej Afryki (RPA), kt\u00f3re s\u0105 najbardziej po\u017c\u0105danymi przez inwestor\u00f3w oraz kolekcjoner\u00f3w.<\/span><\/p>\n<p><span style=\"font-weight: 400\">Z racji na swoj\u0105 nisk\u0105 cen\u0119 oraz warto\u015b\u0107 kolekcjonersk\u0105, srebrne Krugerrandy o wadze 1 uncji cz\u0119sto kupuje si\u0119 w wi\u0119kszych ilo\u015bciach. W zwi\u0105zku z tym Rand Refinery oferuje je w specjalnych tubach, z kt\u00f3rych ka\u017cda mie\u015bci 25 Krugerrand\u00f3w. Dzi\u0119ki temu, dokonujesz zakupu nie tylko ponad dw\u00f3ch tuzin\u00f3w monet o wysokiej warto\u015bci kolekcjonerskiej, ale \u0142\u0105cznie prawie 800 gram srebra pr\u00f3by 999.<\/span><\/p>\n","protected":false},"excerpt":{"rendered":"<p>Krugerrandy to najpopularniejsze i najcz\u0119\u015bciej bite monety bulionowe na \u015bwiecie. Chocia\u017c wersja z\u0142ota jest dost\u0119pna od dziesi\u0119cioleci, to edycja srebrna ci\u0105gle stanowi nowo\u015b\u0107 dost\u0119pn\u0105 na rynku od 2017 roku. Powsta\u0142a z okazji 50-lecia emisji z\u0142otych monet Republiki Po\u0142udniowej Afryki (RPA), kt\u00f3re s\u0105 najbardziej po\u017c\u0105danymi przez inwestor\u00f3w oraz kolekcjoner\u00f3w. Z racji na swoj\u0105 nisk\u0105 cen\u0119 oraz&#8230;<\/p>\n","protected":false},"featured_media":2422,"comment_status":"open","ping_status":"closed","template":"","meta":{"_acf_changed":false,"inline_featured_image":false,"_kad_blocks_custom_css":"","_kad_blocks_head_custom_js":"","_kad_blocks_body_custom_js":"","_kad_blocks_footer_custom_js":"","_kad_post_transparent":"default","_kad_post_title":"","_kad_post_layout":"default","_kad_post_sidebar_id":"","_kad_post_content_style":"default","_kad_post_vertical_padding":"default","_kad_post_feature":"","_kad_post_feature_position":"","_kad_post_header":false,"_kad_post_footer":false,"_glsr_average":0,"_glsr_ranking":0,"_glsr_reviews":0},"product_brand":[],"product_cat":[166],"product_tag":[162],"class_list":{"0":"post-2403","1":"product","2":"type-product","3":"status-publish","4":"has-post-thumbnail","6":"product_cat-krugerrand-srebrna-moneta","7":"product_tag-the-rand-refinery-pl","9":"first","10":"instock","11":"shipping-taxable","12":"purchasable","13":"product-type-simple","14":"entry","15":"content-bg","16":"loop-entry"},"acf":[],"taxonomy_info":{"product_cat":[{"value":166,"label":"Krugerrand Srebrna Moneta"}],"product_tag":[{"value":162,"label":"The Rand Refinery"}]},"featured_image_src_large":["https:\/\/metalsradar.com\/wp-content\/uploads\/2024\/01\/pol_pm_ZESTAW-SREBRNYCH-MONET-KRUGERRAND-1-oz-x-25-szt-561_3.jpg",450,450,false],"author_info":[],"comment_info":0,"_links":{"self":[{"href":"https:\/\/metalsradar.com\/pl\/wp-json\/wp\/v2\/product\/2403","targetHints":{"allow":["GET"]}}],"collection":[{"href":"https:\/\/metalsradar.com\/pl\/wp-json\/wp\/v2\/product"}],"about":[{"href":"https:\/\/metalsradar.com\/pl\/wp-json\/wp\/v2\/types\/product"}],"replies":[{"embeddable":true,"href":"https:\/\/metalsradar.com\/pl\/wp-json\/wp\/v2\/comments?post=2403"}],"wp:featuredmedia":[{"embeddable":true,"href":"https:\/\/metalsradar.com\/pl\/wp-json\/wp\/v2\/media\/2422"}],"wp:attachment":[{"href":"https:\/\/metalsradar.com\/pl\/wp-json\/wp\/v2\/media?parent=2403"}],"wp:term":[{"taxonomy":"product_brand","embeddable":true,"href":"https:\/\/metalsradar.com\/pl\/wp-json\/wp\/v2\/product_brand?post=2403"},{"taxonomy":"product_cat","embeddable":true,"href":"https:\/\/metalsradar.com\/pl\/wp-json\/wp\/v2\/product_cat?post=2403"},{"taxonomy":"product_tag","embeddable":true,"href":"https:\/\/metalsradar.com\/pl\/wp-json\/wp\/v2\/product_tag?post=2403"}],"curies":[{"name":"wp","href":"https:\/\/api.w.org\/{rel}","templated":true}]}}