{"id":2398,"date":"2024-01-04T12:39:11","date_gmt":"2024-01-04T11:39:11","guid":{"rendered":"https:\/\/metalsradar.com\/shop\/uncategorized\/5-uncji-5-uncji-lunar-iii-krolik-srebrna-moneta\/"},"modified":"2026-04-16T16:24:59","modified_gmt":"2026-04-16T15:24:59","slug":"5-uncji-lunar-iii-krolik-srebrna-moneta","status":"publish","type":"product","link":"https:\/\/metalsradar.com\/pl\/produkt\/5-uncji-lunar-iii-krolik-srebrna-moneta\/","title":{"rendered":"5 Uncji Lunar III Kr\u00f3lik Srebrna Moneta"},"content":{"rendered":"<p><span style=\"font-weight: 400\">Srebrny Kr\u00f3lik z serii Lunar III o wadze 5 uncji troja\u0144skich, to jedna z popularniejszych monet wybijanych przez australijski Perth Mint. Jej niski nomina\u0142 wynosz\u0105cy 8 dolar\u00f3w nie powinien Ci\u0119 zmyli\u0107, poniewa\u017c warto\u015b\u0107 znajduj\u0105cego si\u0119 w monecie czystego srebra o pr\u00f3bie 0,999 jest bowiem zdecydowanie wi\u0119ksza.<\/span><\/p>\n<p><span style=\"font-weight: 400\">Na rewersie zaprezentowano posta\u0107 dw\u00f3ch kr\u00f3lik\u00f3w, poniewa\u017c zwierz\u0119 to by\u0142o symbolem chi\u0144skiego roku 2023. W 2024 zast\u0105pi\u0142 je smok. Na awersie znajduje si\u0119 natomiast podobizna El\u017cbiety II wraz z informacj\u0105 o wadze monety, pr\u00f3bie srebra oraz nominale.<\/span><\/p>\n<p><span style=\"font-weight: 400\">Dzi\u0119ki stronie Metals Radar, b\u0119dziesz m\u00f3g\u0142 por\u00f3wna\u0107 oferty r\u00f3\u017cnych sklep\u00f3w i mennic online oferuj\u0105cych Srebrnego Kr\u00f3lika o wadze 5 uncji i znale\u017a\u0107 najkorzystniejsz\u0105 dla siebie.<\/span><\/p>\n","protected":false},"excerpt":{"rendered":"<p>Srebrny Kr\u00f3lik z serii Lunar III o wadze 5 uncji troja\u0144skich, to jedna z popularniejszych monet wybijanych przez australijski Perth Mint. Jej niski nomina\u0142 wynosz\u0105cy 8 dolar\u00f3w nie powinien Ci\u0119 zmyli\u0107, poniewa\u017c warto\u015b\u0107 znajduj\u0105cego si\u0119 w monecie czystego srebra o pr\u00f3bie 0,999 jest bowiem zdecydowanie wi\u0119ksza. Na rewersie zaprezentowano posta\u0107 dw\u00f3ch kr\u00f3lik\u00f3w, poniewa\u017c zwierz\u0119 to&#8230;<\/p>\n","protected":false},"featured_media":2435,"comment_status":"open","ping_status":"closed","template":"","meta":{"_acf_changed":false,"inline_featured_image":false,"_kad_blocks_custom_css":"","_kad_blocks_head_custom_js":"","_kad_blocks_body_custom_js":"","_kad_blocks_footer_custom_js":"","_kad_post_transparent":"default","_kad_post_title":"","_kad_post_layout":"default","_kad_post_sidebar_id":"","_kad_post_content_style":"default","_kad_post_vertical_padding":"default","_kad_post_feature":"","_kad_post_feature_position":"","_kad_post_header":false,"_kad_post_footer":false,"_glsr_average":0,"_glsr_ranking":0,"_glsr_reviews":0},"product_brand":[],"product_cat":[93],"product_tag":[173],"class_list":{"0":"post-2398","1":"product","2":"type-product","3":"status-publish","4":"has-post-thumbnail","6":"product_cat-lunar-iii-srebrna-moneta","7":"product_tag-perth","9":"first","10":"outofstock","11":"shipping-taxable","12":"purchasable","13":"product-type-simple","14":"entry","15":"content-bg","16":"loop-entry"},"acf":[],"taxonomy_info":{"product_cat":[{"value":93,"label":"Lunar III Srebrna Moneta"}],"product_tag":[{"value":173,"label":"Perth"}]},"featured_image_src_large":["https:\/\/metalsradar.com\/wp-content\/uploads\/2024\/01\/zha_pm_Perth-Mint-Lunar-III-Rok-Krolika-5-uncji-Srebra-2023-6535_3.jpg",720,720,false],"author_info":[],"comment_info":0,"_links":{"self":[{"href":"https:\/\/metalsradar.com\/pl\/wp-json\/wp\/v2\/product\/2398","targetHints":{"allow":["GET"]}}],"collection":[{"href":"https:\/\/metalsradar.com\/pl\/wp-json\/wp\/v2\/product"}],"about":[{"href":"https:\/\/metalsradar.com\/pl\/wp-json\/wp\/v2\/types\/product"}],"replies":[{"embeddable":true,"href":"https:\/\/metalsradar.com\/pl\/wp-json\/wp\/v2\/comments?post=2398"}],"wp:featuredmedia":[{"embeddable":true,"href":"https:\/\/metalsradar.com\/pl\/wp-json\/wp\/v2\/media\/2435"}],"wp:attachment":[{"href":"https:\/\/metalsradar.com\/pl\/wp-json\/wp\/v2\/media?parent=2398"}],"wp:term":[{"taxonomy":"product_brand","embeddable":true,"href":"https:\/\/metalsradar.com\/pl\/wp-json\/wp\/v2\/product_brand?post=2398"},{"taxonomy":"product_cat","embeddable":true,"href":"https:\/\/metalsradar.com\/pl\/wp-json\/wp\/v2\/product_cat?post=2398"},{"taxonomy":"product_tag","embeddable":true,"href":"https:\/\/metalsradar.com\/pl\/wp-json\/wp\/v2\/product_tag?post=2398"}],"curies":[{"name":"wp","href":"https:\/\/api.w.org\/{rel}","templated":true}]}}