{"id":2394,"date":"2024-01-04T12:39:10","date_gmt":"2024-01-04T11:39:10","guid":{"rendered":"https:\/\/metalsradar.com\/shop\/uncategorized\/1-10-uncji-libertad-meksykanski\/"},"modified":"2026-04-18T12:43:41","modified_gmt":"2026-04-18T11:43:41","slug":"1-10-uncji-libertad-meksykanski-srebrna-moneta","status":"publish","type":"product","link":"https:\/\/metalsradar.com\/pl\/produkt\/1-10-uncji-libertad-meksykanski-srebrna-moneta\/","title":{"rendered":"1\/10 Uncji Libertad Meksyka\u0144ski Srebrna Moneta"},"content":{"rendered":"<p><span style=\"font-weight: 400\">W\u015br\u00f3d o\u015bmiu r\u00f3\u017cnych wersji srebrnego Libertada Meksyka\u0144skiego o pr\u00f3bie 0,999, wa\u017c\u0105ca 1\/10 uncji moneta jest najl\u017cejsz\u0105. Wyr\u00f3b Casa de Moneda de M\u00e9xico posiada \u015brednic\u0119 20 milimetr\u00f3w i mo\u017cna naby\u0107 go ju\u017c za kilkadziesi\u0105t z\u0142otych. Dzi\u0119ki swojej bardzo atrakcyjnej cenie jest bardzo cz\u0119stym wyborem kolekcjoner\u00f3w i oszcz\u0119dzaj\u0105cych, kt\u00f3rzy dopiero zaczynaj\u0105 swoj\u0105 przygod\u0119 z inwestowaniem w metale szlachetne.<\/span><\/p>\n<p><span style=\"font-weight: 400\">Libertada Meksyka\u0144skiego ceni si\u0119 nie tylko za jego wysok\u0105 pr\u00f3b\u0119 srebra, ale tak\u017ce wyj\u0105tkowy design. Na awersie zaprezentowano or\u0142a, b\u0119d\u0105cego jednym z g\u0142\u00f3wnych symboli Meksyku, a na rewersie pos\u0105g meksyka\u0144skiego Anio\u0142a Niepodleg\u0142o\u015bci.\u00a0<\/span><\/p>\n<p><span style=\"font-weight: 400\">W ofercie Metals Radar opr\u00f3cz monety o wadze 1\/10 uncji, znajdziesz r\u00f3wnie\u017c wersje wa\u017c\u0105ce \u00bc, \u00bd oraz 1 uncj\u0119.\u00a0<\/span><\/p>\n","protected":false},"excerpt":{"rendered":"<p>W\u015br\u00f3d o\u015bmiu r\u00f3\u017cnych wersji srebrnego Libertada Meksyka\u0144skiego o pr\u00f3bie 0,999, wa\u017c\u0105ca 1\/10 uncji moneta jest najl\u017cejsz\u0105. Wyr\u00f3b Casa de Moneda de M\u00e9xico posiada \u015brednic\u0119 20 milimetr\u00f3w i mo\u017cna naby\u0107 go ju\u017c za kilkadziesi\u0105t z\u0142otych. Dzi\u0119ki swojej bardzo atrakcyjnej cenie jest bardzo cz\u0119stym wyborem kolekcjoner\u00f3w i oszcz\u0119dzaj\u0105cych, kt\u00f3rzy dopiero zaczynaj\u0105 swoj\u0105 przygod\u0119 z inwestowaniem w metale&#8230;<\/p>\n","protected":false},"featured_media":2516,"comment_status":"open","ping_status":"closed","template":"","meta":{"_acf_changed":false,"inline_featured_image":false,"_kad_blocks_custom_css":"","_kad_blocks_head_custom_js":"","_kad_blocks_body_custom_js":"","_kad_blocks_footer_custom_js":"","_kad_post_transparent":"default","_kad_post_title":"","_kad_post_layout":"default","_kad_post_sidebar_id":"","_kad_post_content_style":"default","_kad_post_vertical_padding":"default","_kad_post_feature":"","_kad_post_feature_position":"","_kad_post_header":false,"_kad_post_footer":false,"_glsr_average":0,"_glsr_ranking":0,"_glsr_reviews":0},"product_brand":[],"product_cat":[91],"product_tag":[225],"class_list":{"0":"post-2394","1":"product","2":"type-product","3":"status-publish","4":"has-post-thumbnail","6":"product_cat-libertad-meksykanski-srebrna-moneta","7":"product_tag-casa-de-moneda-de-mexico","9":"first","10":"outofstock","11":"shipping-taxable","12":"product-type-simple","13":"entry","14":"content-bg","15":"loop-entry"},"acf":[],"taxonomy_info":{"product_cat":[{"value":91,"label":"Libertad Meksyka\u0144ski Srebrna Moneta"}],"product_tag":[{"value":225,"label":"Casa de Moneda de Mexico"}]},"featured_image_src_large":["https:\/\/metalsradar.com\/wp-content\/uploads\/2024\/01\/1-10-oz-mexican-libertad-silver-coin-2023_msk-380fda523ebb0cdfe33a2910d57c15ef.jpg",460,460,false],"author_info":[],"comment_info":0,"_links":{"self":[{"href":"https:\/\/metalsradar.com\/pl\/wp-json\/wp\/v2\/product\/2394","targetHints":{"allow":["GET"]}}],"collection":[{"href":"https:\/\/metalsradar.com\/pl\/wp-json\/wp\/v2\/product"}],"about":[{"href":"https:\/\/metalsradar.com\/pl\/wp-json\/wp\/v2\/types\/product"}],"replies":[{"embeddable":true,"href":"https:\/\/metalsradar.com\/pl\/wp-json\/wp\/v2\/comments?post=2394"}],"wp:featuredmedia":[{"embeddable":true,"href":"https:\/\/metalsradar.com\/pl\/wp-json\/wp\/v2\/media\/2516"}],"wp:attachment":[{"href":"https:\/\/metalsradar.com\/pl\/wp-json\/wp\/v2\/media?parent=2394"}],"wp:term":[{"taxonomy":"product_brand","embeddable":true,"href":"https:\/\/metalsradar.com\/pl\/wp-json\/wp\/v2\/product_brand?post=2394"},{"taxonomy":"product_cat","embeddable":true,"href":"https:\/\/metalsradar.com\/pl\/wp-json\/wp\/v2\/product_cat?post=2394"},{"taxonomy":"product_tag","embeddable":true,"href":"https:\/\/metalsradar.com\/pl\/wp-json\/wp\/v2\/product_tag?post=2394"}],"curies":[{"name":"wp","href":"https:\/\/api.w.org\/{rel}","templated":true}]}}