{"id":2392,"date":"2024-01-04T12:39:10","date_gmt":"2024-01-04T11:39:10","guid":{"rendered":"https:\/\/metalsradar.com\/shop\/uncategorized\/1-2-uncji-libertad-meksykanski\/"},"modified":"2026-04-18T12:04:23","modified_gmt":"2026-04-18T11:04:23","slug":"1-2-uncji-libertad-meksykanski-srebrna-moneta","status":"publish","type":"product","link":"https:\/\/metalsradar.com\/pl\/produkt\/1-2-uncji-libertad-meksykanski-srebrna-moneta\/","title":{"rendered":"1\/2 Uncji Libertad Meksyka\u0144ski Srebrna Moneta"},"content":{"rendered":"<p><span style=\"font-weight: 400\">W wersji wa\u017c\u0105cej \u00bd uncji, Libertad Meksyka\u0144ski posiada \u015brednic\u0119 33 milimetr\u00f3w. Podobnie jak w ka\u017cdej z innych dost\u0119pnych wag, do jego produkcji Casa de Moneda de M\u00e9xico korzysta ze srebra o pr\u00f3bie 0,999.<\/span><\/p>\n<p><span style=\"font-weight: 400\">W ofercie Metals Radar por\u00f3wnasz cen\u0119 zar\u00f3wno Libertada Meksyka\u0144skiego o wadze \u00bd uncji, ale r\u00f3wnie\u017c monet wa\u017c\u0105cych 1, \u00bc oraz 1\/10 uncji. Wszystkie z nich ciesz\u0105 si\u0119 du\u017c\u0105 popularno\u015bci\u0105 w\u015br\u00f3d inwestor\u00f3w oraz kolekcjoner\u00f3w na ca\u0142ym \u015bwiecie i idealnie sprawdz\u0105 si\u0119 jako prezent okoliczno\u015bciowy.<\/span><\/p>\n<p><span style=\"font-weight: 400\">Moneta prezentuje na jednej stronie posta\u0107 El \u00c1ngel, czyli Anio\u0142a Niepodleg\u0142o\u015bci, na drugiej natomiast meksyka\u0144skiego or\u0142a, kt\u00f3rego otaczaj\u0105 wcze\u015bniejsze wersje designu, znajduj\u0105ce si\u0119 na Libertadzie w przesz\u0142o\u015bci.<\/span><\/p>\n","protected":false},"excerpt":{"rendered":"<p>W wersji wa\u017c\u0105cej \u00bd uncji, Libertad Meksyka\u0144ski posiada \u015brednic\u0119 33 milimetr\u00f3w. Podobnie jak w ka\u017cdej z innych dost\u0119pnych wag, do jego produkcji Casa de Moneda de M\u00e9xico korzysta ze srebra o pr\u00f3bie 0,999. W ofercie Metals Radar por\u00f3wnasz cen\u0119 zar\u00f3wno Libertada Meksyka\u0144skiego o wadze \u00bd uncji, ale r\u00f3wnie\u017c monet wa\u017c\u0105cych 1, \u00bc oraz 1\/10 uncji&#8230;.<\/p>\n","protected":false},"featured_media":2524,"comment_status":"open","ping_status":"closed","template":"","meta":{"_acf_changed":false,"inline_featured_image":false,"_kad_blocks_custom_css":"","_kad_blocks_head_custom_js":"","_kad_blocks_body_custom_js":"","_kad_blocks_footer_custom_js":"","_kad_post_transparent":"default","_kad_post_title":"","_kad_post_layout":"default","_kad_post_sidebar_id":"","_kad_post_content_style":"default","_kad_post_vertical_padding":"default","_kad_post_feature":"","_kad_post_feature_position":"","_kad_post_header":false,"_kad_post_footer":false,"_glsr_average":0,"_glsr_ranking":0,"_glsr_reviews":0},"product_brand":[],"product_cat":[91],"product_tag":[225],"class_list":{"0":"post-2392","1":"product","2":"type-product","3":"status-publish","4":"has-post-thumbnail","6":"product_cat-libertad-meksykanski-srebrna-moneta","7":"product_tag-casa-de-moneda-de-mexico","9":"first","10":"instock","11":"shipping-taxable","12":"purchasable","13":"product-type-simple","14":"entry","15":"content-bg","16":"loop-entry"},"acf":[],"taxonomy_info":{"product_cat":[{"value":91,"label":"Libertad Meksyka\u0144ski Srebrna Moneta"}],"product_tag":[{"value":225,"label":"Casa de Moneda de Mexico"}]},"featured_image_src_large":["https:\/\/metalsradar.com\/wp-content\/uploads\/2024\/01\/1-2-oz-mexican-libertad-silver-coin-2023_n2l-6d3d70824e5a52ef9c40c35596ffcb72.jpg",460,460,false],"author_info":[],"comment_info":0,"_links":{"self":[{"href":"https:\/\/metalsradar.com\/pl\/wp-json\/wp\/v2\/product\/2392","targetHints":{"allow":["GET"]}}],"collection":[{"href":"https:\/\/metalsradar.com\/pl\/wp-json\/wp\/v2\/product"}],"about":[{"href":"https:\/\/metalsradar.com\/pl\/wp-json\/wp\/v2\/types\/product"}],"replies":[{"embeddable":true,"href":"https:\/\/metalsradar.com\/pl\/wp-json\/wp\/v2\/comments?post=2392"}],"wp:featuredmedia":[{"embeddable":true,"href":"https:\/\/metalsradar.com\/pl\/wp-json\/wp\/v2\/media\/2524"}],"wp:attachment":[{"href":"https:\/\/metalsradar.com\/pl\/wp-json\/wp\/v2\/media?parent=2392"}],"wp:term":[{"taxonomy":"product_brand","embeddable":true,"href":"https:\/\/metalsradar.com\/pl\/wp-json\/wp\/v2\/product_brand?post=2392"},{"taxonomy":"product_cat","embeddable":true,"href":"https:\/\/metalsradar.com\/pl\/wp-json\/wp\/v2\/product_cat?post=2392"},{"taxonomy":"product_tag","embeddable":true,"href":"https:\/\/metalsradar.com\/pl\/wp-json\/wp\/v2\/product_tag?post=2392"}],"curies":[{"name":"wp","href":"https:\/\/api.w.org\/{rel}","templated":true}]}}