{"id":2387,"date":"2024-01-04T12:39:09","date_gmt":"2024-01-04T11:39:09","guid":{"rendered":"https:\/\/metalsradar.com\/shop\/uncategorized\/1-uncja-arka-noego\/"},"modified":"2026-04-18T12:43:34","modified_gmt":"2026-04-18T11:43:34","slug":"1-uncja-arka-noego-srebrna-moneta","status":"publish","type":"product","link":"https:\/\/metalsradar.com\/pl\/produkt\/1-uncja-arka-noego-srebrna-moneta\/","title":{"rendered":"1 Uncja Arka Noego Srebrna Moneta"},"content":{"rendered":"<p><span style=\"font-weight: 400\">Arka Noego jest monet\u0105 wybijan\u0105 przez niemieck\u0105 Leipziger Edelmetall Verarbeitungs na zlecenie Armenii, w kt\u00f3rej monety pe\u0142ni\u0105 rol\u0119 oficjalnego \u015brodka p\u0142atniczego. Chocia\u017c dost\u0119pne s\u0105 w siedmiu r\u00f3\u017cnych rozmiarach i wersjach wagowych, to monety o wadze 1 uncji ciesz\u0105 si\u0119 najwi\u0119ksz\u0105 popularno\u015bci\u0105.\u00a0<\/span><\/p>\n<p><span style=\"font-weight: 400\">Na awersie monety zaprezentowano herb Armenii, wraz z informacjami o wadze monety, pr\u00f3bie srebra u\u017cytego do jej produkcji oraz warto\u015bci nominalnej. Natomiast rewers Arki Noego przedstawia tytu\u0142ow\u0105 Ark\u0119 Noego a wraz z ni\u0105 posta\u0107 go\u0142\u0119bicy, kt\u00f3ra dzier\u017cy oliwn\u0105 ga\u0142\u0105zk\u0119. W tle pokazano natomiast g\u00f3ry Ararat, za kt\u00f3rymi zachodzi s\u0142o\u0144ce. To w\u0142a\u015bnie na tych g\u00f3rach zatrzyma\u0107 mia\u0142a si\u0119 \u0142\u00f3d\u017a biblijnego Noego, gdy zes\u0142ana przez Boga pow\u00f3d\u017a ostatecznie usta\u0142a.<\/span><\/p>\n","protected":false},"excerpt":{"rendered":"<p>Arka Noego jest monet\u0105 wybijan\u0105 przez niemieck\u0105 Leipziger Edelmetall Verarbeitungs na zlecenie Armenii, w kt\u00f3rej monety pe\u0142ni\u0105 rol\u0119 oficjalnego \u015brodka p\u0142atniczego. Chocia\u017c dost\u0119pne s\u0105 w siedmiu r\u00f3\u017cnych rozmiarach i wersjach wagowych, to monety o wadze 1 uncji ciesz\u0105 si\u0119 najwi\u0119ksz\u0105 popularno\u015bci\u0105.\u00a0 Na awersie monety zaprezentowano herb Armenii, wraz z informacjami o wadze monety, pr\u00f3bie srebra&#8230;<\/p>\n","protected":false},"featured_media":2544,"comment_status":"open","ping_status":"closed","template":"","meta":{"_acf_changed":false,"inline_featured_image":false,"_kad_blocks_custom_css":"","_kad_blocks_head_custom_js":"","_kad_blocks_body_custom_js":"","_kad_blocks_footer_custom_js":"","_kad_post_transparent":"default","_kad_post_title":"","_kad_post_layout":"default","_kad_post_sidebar_id":"","_kad_post_content_style":"default","_kad_post_vertical_padding":"default","_kad_post_feature":"","_kad_post_feature_position":"","_kad_post_header":false,"_kad_post_footer":false,"_glsr_average":0,"_glsr_ranking":0,"_glsr_reviews":0},"product_brand":[],"product_cat":[88],"product_tag":[236],"class_list":{"0":"post-2387","1":"product","2":"type-product","3":"status-publish","4":"has-post-thumbnail","6":"product_cat-arka-noego-srebrna-moneta","7":"product_tag-leipziger-edelmetallverarbeitung","9":"first","10":"instock","11":"shipping-taxable","12":"purchasable","13":"product-type-simple","14":"entry","15":"content-bg","16":"loop-entry"},"acf":[],"taxonomy_info":{"product_cat":[{"value":88,"label":"Arka Noego Srebrna Moneta"}],"product_tag":[{"value":236,"label":"Leipziger Edelmetallverarbeitung"}]},"featured_image_src_large":["https:\/\/metalsradar.com\/wp-content\/uploads\/2024\/01\/1-oz-noahs-ark-silver-coin-2023_jrz-7e6f8fd3b53c075b8bca721ace719d3a.jpg",459,460,false],"author_info":[],"comment_info":0,"_links":{"self":[{"href":"https:\/\/metalsradar.com\/pl\/wp-json\/wp\/v2\/product\/2387","targetHints":{"allow":["GET"]}}],"collection":[{"href":"https:\/\/metalsradar.com\/pl\/wp-json\/wp\/v2\/product"}],"about":[{"href":"https:\/\/metalsradar.com\/pl\/wp-json\/wp\/v2\/types\/product"}],"replies":[{"embeddable":true,"href":"https:\/\/metalsradar.com\/pl\/wp-json\/wp\/v2\/comments?post=2387"}],"wp:featuredmedia":[{"embeddable":true,"href":"https:\/\/metalsradar.com\/pl\/wp-json\/wp\/v2\/media\/2544"}],"wp:attachment":[{"href":"https:\/\/metalsradar.com\/pl\/wp-json\/wp\/v2\/media?parent=2387"}],"wp:term":[{"taxonomy":"product_brand","embeddable":true,"href":"https:\/\/metalsradar.com\/pl\/wp-json\/wp\/v2\/product_brand?post=2387"},{"taxonomy":"product_cat","embeddable":true,"href":"https:\/\/metalsradar.com\/pl\/wp-json\/wp\/v2\/product_cat?post=2387"},{"taxonomy":"product_tag","embeddable":true,"href":"https:\/\/metalsradar.com\/pl\/wp-json\/wp\/v2\/product_tag?post=2387"}],"curies":[{"name":"wp","href":"https:\/\/api.w.org\/{rel}","templated":true}]}}