{"id":2386,"date":"2024-01-04T12:39:09","date_gmt":"2024-01-04T11:39:09","guid":{"rendered":"https:\/\/metalsradar.com\/shop\/uncategorized\/500-uncji-filharmonicy-wiedenscy\/"},"modified":"2026-04-21T09:57:29","modified_gmt":"2026-04-21T08:57:29","slug":"masterbox-500-uncji-filharmonicy-wiedenscy-srebrna-moneta","status":"publish","type":"product","link":"https:\/\/metalsradar.com\/pl\/produkt\/masterbox-500-uncji-filharmonicy-wiedenscy-srebrna-moneta\/","title":{"rendered":"Masterbox 500 uncji Filharmonicy Wiede\u0144scy Srebrna Moneta"},"content":{"rendered":"<p><span style=\"font-weight: 400\">M\u00fcnze \u00d6sterreich przygotowa\u0142o nie lada gratk\u0119 dla najbardziej wytrawnych inwestor\u00f3w na rynku metali szlachetnych. Jest ni\u0105 masterbox, w kt\u00f3rym mie\u015bci si\u0119 \u0142\u0105cznie 500 monet z serii Filharmonik\u00f3w Wiede\u0144skich o wadze 1 uncji.<\/span><\/p>\n<p><span style=\"font-weight: 400\">W masterboxie otrzymujesz wi\u0119c nie tylko 15,5 kilograma czystego srebra o pr\u00f3bie 0,999, ale r\u00f3wnie\u017c 500 monet, kt\u00f3re z up\u0142ywem lat b\u0119d\u0105 coraz wi\u0119ksz\u0105 atrakcj\u0105 dla kolekcjoner\u00f3w. Ich warto\u015b\u0107 wzro\u015bnie nie tylko ze wzgl\u0119du na sam skok cen srebra, ale r\u00f3wnie\u017c znaczenie kolekcjonerskie.<\/span><\/p>\n<p><span style=\"font-weight: 400\">Masterbox sk\u0142ada si\u0119 z 25 osobnych tub, a w ka\u017cdej tubie umieszczono po 20 monet o wadze 1 uncji. Masterboxy s\u0105 powszechn\u0105 na rynku monet bulionowych form\u0105 transportu i przechowywania monet, zapewniaj\u0105c\u0105 wygod\u0119 i bezpiecze\u0144stwo.<\/span><\/p>\n","protected":false},"excerpt":{"rendered":"<p>M\u00fcnze \u00d6sterreich przygotowa\u0142o nie lada gratk\u0119 dla najbardziej wytrawnych inwestor\u00f3w na rynku metali szlachetnych. Jest ni\u0105 masterbox, w kt\u00f3rym mie\u015bci si\u0119 \u0142\u0105cznie 500 monet z serii Filharmonik\u00f3w Wiede\u0144skich o wadze 1 uncji. W masterboxie otrzymujesz wi\u0119c nie tylko 15,5 kilograma czystego srebra o pr\u00f3bie 0,999, ale r\u00f3wnie\u017c 500 monet, kt\u00f3re z up\u0142ywem lat b\u0119d\u0105 coraz&#8230;<\/p>\n","protected":false},"featured_media":2554,"comment_status":"open","ping_status":"closed","template":"","meta":{"_acf_changed":false,"inline_featured_image":false,"_kad_blocks_custom_css":"","_kad_blocks_head_custom_js":"","_kad_blocks_body_custom_js":"","_kad_blocks_footer_custom_js":"","_kad_post_transparent":"default","_kad_post_title":"","_kad_post_layout":"default","_kad_post_sidebar_id":"","_kad_post_content_style":"default","_kad_post_vertical_padding":"default","_kad_post_feature":"","_kad_post_feature_position":"","_kad_post_header":false,"_kad_post_footer":false,"_glsr_average":0,"_glsr_ranking":0,"_glsr_reviews":0},"product_brand":[],"product_cat":[87],"product_tag":[230],"class_list":{"0":"post-2386","1":"product","2":"type-product","3":"status-publish","4":"has-post-thumbnail","6":"product_cat-filharmonicy-wiedenscy-srebrna-moneta","7":"product_tag-austrian-mint","9":"first","10":"instock","11":"shipping-taxable","12":"purchasable","13":"product-type-simple","14":"entry","15":"content-bg","16":"loop-entry"},"acf":[],"taxonomy_info":{"product_cat":[{"value":87,"label":"Filharmonicy Wiede\u0144scy Srebrna Moneta"}],"product_tag":[{"value":230,"label":"Austrian MInt"}]},"featured_image_src_large":["https:\/\/metalsradar.com\/wp-content\/uploads\/2024\/01\/pol_pm_ZESTAW-SREBRNYCH-MONET-WIEDENSKI-FILHARMONIK-1-oz-x-500szt-574_6.jpg",450,450,false],"author_info":[],"comment_info":0,"_links":{"self":[{"href":"https:\/\/metalsradar.com\/pl\/wp-json\/wp\/v2\/product\/2386","targetHints":{"allow":["GET"]}}],"collection":[{"href":"https:\/\/metalsradar.com\/pl\/wp-json\/wp\/v2\/product"}],"about":[{"href":"https:\/\/metalsradar.com\/pl\/wp-json\/wp\/v2\/types\/product"}],"replies":[{"embeddable":true,"href":"https:\/\/metalsradar.com\/pl\/wp-json\/wp\/v2\/comments?post=2386"}],"wp:featuredmedia":[{"embeddable":true,"href":"https:\/\/metalsradar.com\/pl\/wp-json\/wp\/v2\/media\/2554"}],"wp:attachment":[{"href":"https:\/\/metalsradar.com\/pl\/wp-json\/wp\/v2\/media?parent=2386"}],"wp:term":[{"taxonomy":"product_brand","embeddable":true,"href":"https:\/\/metalsradar.com\/pl\/wp-json\/wp\/v2\/product_brand?post=2386"},{"taxonomy":"product_cat","embeddable":true,"href":"https:\/\/metalsradar.com\/pl\/wp-json\/wp\/v2\/product_cat?post=2386"},{"taxonomy":"product_tag","embeddable":true,"href":"https:\/\/metalsradar.com\/pl\/wp-json\/wp\/v2\/product_tag?post=2386"}],"curies":[{"name":"wp","href":"https:\/\/api.w.org\/{rel}","templated":true}]}}