{"id":2379,"date":"2024-01-04T12:39:04","date_gmt":"2024-01-04T11:39:04","guid":{"rendered":"https:\/\/metalsradar.com\/shop\/uncategorized\/1-10-uncji-britannia-karol-iii-srebrna-moneta\/"},"modified":"2025-03-24T10:28:14","modified_gmt":"2025-03-24T09:28:14","slug":"1-10-uncji-britannia-karol-iii-srebrna-moneta","status":"publish","type":"product","link":"https:\/\/metalsradar.com\/pl\/produkt\/1-10-uncji-britannia-karol-iii-srebrna-moneta\/","title":{"rendered":"1\/10 uncji Britannia Karol III Srebrna Moneta"},"content":{"rendered":"<p><span style=\"font-weight: 400;\">Przed Tob\u0105 najmniejsza dost\u0119pna srebrna moneta prezentuj\u0105ca posta\u0107 Britannii, czyli personifikacji Zjednoczonego Kr\u00f3lestwa. Posiadaj\u0105ca warto\u015b\u0107 nominaln\u0105 20 pens\u00f3w, \u015brednic\u0119 16,5 milimetra oraz pr\u00f3b\u0119 0,999, jest ch\u0119tnie wybieran\u0105 przez kolekcjoner\u00f3w oraz inwestor\u00f3w mi\u0119dzy innymi ze wzgl\u0119du na swoj\u0105 nisk\u0105 cen\u0119.<\/span><\/p>\n<p><span style=\"font-weight: 400;\">Na awersie monety znajduje si\u0119 posta\u0107 Karola III, obecnego monarchy Wielkiej Brytanii. Wok\u00f3\u0142 jego twarzy umieszczono tytu\u0142 kr\u00f3lewski, napis DG Rex FD, b\u0119d\u0105cy skr\u00f3tem od \u0142aci\u0144skiego \u201ez \u0142aski Boga, Kr\u00f3l, Obro\u0144ca Wiary\u201d oraz nomina\u0142 monety.\u00a0<\/span><\/p>\n<p><span style=\"font-weight: 400;\">Na rewersie znajduje si\u0119 natomiast wspomniana Britannia, kt\u00f3ra w jednej r\u0119ce dzier\u017cy tarcz\u0119, w drugiej natomiast tr\u00f3jz\u0105b. Jej posta\u0107 okalaj\u0105 napisy odnosz\u0105ce si\u0119 do nazwy serii monety, roku jej wybicia, wagi w uncjach oraz pr\u00f3by zastosowanego do produkcji srebra.<\/span><\/p>\n","protected":false},"excerpt":{"rendered":"<p>Przed Tob\u0105 najmniejsza dost\u0119pna srebrna moneta prezentuj\u0105ca posta\u0107 Britannii, czyli personifikacji Zjednoczonego Kr\u00f3lestwa. Posiadaj\u0105ca warto\u015b\u0107 nominaln\u0105 20 pens\u00f3w, \u015brednic\u0119 16,5 milimetra oraz pr\u00f3b\u0119 0,999, jest ch\u0119tnie wybieran\u0105 przez kolekcjoner\u00f3w oraz inwestor\u00f3w mi\u0119dzy innymi ze wzgl\u0119du na swoj\u0105 nisk\u0105 cen\u0119. Na awersie monety znajduje si\u0119 posta\u0107 Karola III, obecnego monarchy Wielkiej Brytanii. Wok\u00f3\u0142 jego twarzy umieszczono&#8230;<\/p>\n","protected":false},"featured_media":2479,"comment_status":"open","ping_status":"closed","template":"","meta":{"_acf_changed":false,"inline_featured_image":false,"_kad_blocks_custom_css":"","_kad_blocks_head_custom_js":"","_kad_blocks_body_custom_js":"","_kad_blocks_footer_custom_js":"","_kad_post_transparent":"default","_kad_post_title":"","_kad_post_layout":"default","_kad_post_sidebar_id":"","_kad_post_content_style":"default","_kad_post_vertical_padding":"default","_kad_post_feature":"","_kad_post_feature_position":"","_kad_post_header":false,"_kad_post_footer":false,"_glsr_average":0,"_glsr_ranking":0,"_glsr_reviews":0},"product_brand":[],"product_cat":[86],"product_tag":[224],"class_list":{"0":"post-2379","1":"product","2":"type-product","3":"status-publish","4":"has-post-thumbnail","6":"product_cat-britannia-srebrna-moneta","7":"product_tag-the-royal-mint","9":"first","10":"outofstock","11":"shipping-taxable","12":"purchasable","13":"product-type-simple","14":"entry","15":"content-bg","16":"loop-entry"},"acf":[],"taxonomy_info":{"product_cat":[{"value":86,"label":"Britannia Srebrna Moneta"}],"product_tag":[{"value":224,"label":"The Royal Mint"}]},"featured_image_src_large":["https:\/\/metalsradar.com\/wp-content\/uploads\/2024\/01\/1-10-oz-britannia-charles-iii-silver-coin-2024_iqn-08a339b31000ed4278f50fff411559f3.jpg",460,460,false],"author_info":[],"comment_info":0,"_links":{"self":[{"href":"https:\/\/metalsradar.com\/pl\/wp-json\/wp\/v2\/product\/2379","targetHints":{"allow":["GET"]}}],"collection":[{"href":"https:\/\/metalsradar.com\/pl\/wp-json\/wp\/v2\/product"}],"about":[{"href":"https:\/\/metalsradar.com\/pl\/wp-json\/wp\/v2\/types\/product"}],"replies":[{"embeddable":true,"href":"https:\/\/metalsradar.com\/pl\/wp-json\/wp\/v2\/comments?post=2379"}],"wp:featuredmedia":[{"embeddable":true,"href":"https:\/\/metalsradar.com\/pl\/wp-json\/wp\/v2\/media\/2479"}],"wp:attachment":[{"href":"https:\/\/metalsradar.com\/pl\/wp-json\/wp\/v2\/media?parent=2379"}],"wp:term":[{"taxonomy":"product_brand","embeddable":true,"href":"https:\/\/metalsradar.com\/pl\/wp-json\/wp\/v2\/product_brand?post=2379"},{"taxonomy":"product_cat","embeddable":true,"href":"https:\/\/metalsradar.com\/pl\/wp-json\/wp\/v2\/product_cat?post=2379"},{"taxonomy":"product_tag","embeddable":true,"href":"https:\/\/metalsradar.com\/pl\/wp-json\/wp\/v2\/product_tag?post=2379"}],"curies":[{"name":"wp","href":"https:\/\/api.w.org\/{rel}","templated":true}]}}