{"id":2378,"date":"2024-01-04T12:39:04","date_gmt":"2024-01-04T11:39:04","guid":{"rendered":"https:\/\/metalsradar.com\/shop\/uncategorized\/1-4-uncji-britannia-karol-iii-srebrna-moneta\/"},"modified":"2026-04-18T14:24:21","modified_gmt":"2026-04-18T13:24:21","slug":"1-4-uncji-britannia-karol-iii-srebrna-moneta","status":"publish","type":"product","link":"https:\/\/metalsradar.com\/pl\/produkt\/1-4-uncji-britannia-karol-iii-srebrna-moneta\/","title":{"rendered":"1\/4 uncji Britannia Karol III Srebrna Moneta"},"content":{"rendered":"<p><span style=\"font-weight: 400\">Wa\u017c\u0105ca \u00bc uncji srebrna Britannia o oficjalnym nominale 0,5 funta, posiada \u015brednic\u0119 22 milimetr\u00f3w i wykonano j\u0105 ze srebra o pr\u00f3bie 0,999. Jest jedn\u0105 z najpopularniejszych monet kolekcjonerskich emitowanych przez brytyjsk\u0105 Royal Mint, po kt\u00f3r\u0105 ch\u0119tnie si\u0119gaj\u0105 inwestorzy oraz kolekcjonerzy z ca\u0142ego \u015bwiata.<\/span><\/p>\n<p><span style=\"font-weight: 400\">Na rewersie monety zaprezentowano Britanni\u0119, kt\u00f3ra jest uosobieniem Zjednoczonego Kr\u00f3lestwa jako walecznej i dzielnej kobiety. Mennica Kr\u00f3lewska regularnie zmienia jednak jej wz\u00f3r, w zwi\u0105zku z czym warto uzupe\u0142ni\u0107 swoj\u0105 kolekcj\u0119 o r\u00f3\u017cne wersje, w tym najnowsz\u0105, prezentuj\u0105c\u0105 na awersie posta\u0107 Kr\u00f3la Karola III.<\/span><\/p>\n<p><span style=\"font-weight: 400\">Ceny srebrnych Britannii o wadze \u00bc uncji mo\u017cesz por\u00f3wna\u0107 dzi\u0119ki Metals Radar i sprawdzi\u0107, w kt\u00f3rym sklepie lub mennicy online b\u0119d\u0105 one najkorzystniejsze.<\/span><\/p>\n","protected":false},"excerpt":{"rendered":"<p>Wa\u017c\u0105ca \u00bc uncji srebrna Britannia o oficjalnym nominale 0,5 funta, posiada \u015brednic\u0119 22 milimetr\u00f3w i wykonano j\u0105 ze srebra o pr\u00f3bie 0,999. Jest jedn\u0105 z najpopularniejszych monet kolekcjonerskich emitowanych przez brytyjsk\u0105 Royal Mint, po kt\u00f3r\u0105 ch\u0119tnie si\u0119gaj\u0105 inwestorzy oraz kolekcjonerzy z ca\u0142ego \u015bwiata. Na rewersie monety zaprezentowano Britanni\u0119, kt\u00f3ra jest uosobieniem Zjednoczonego Kr\u00f3lestwa jako walecznej&#8230;<\/p>\n","protected":false},"featured_media":2465,"comment_status":"open","ping_status":"closed","template":"","meta":{"_acf_changed":false,"inline_featured_image":false,"_kad_blocks_custom_css":"","_kad_blocks_head_custom_js":"","_kad_blocks_body_custom_js":"","_kad_blocks_footer_custom_js":"","_kad_post_transparent":"default","_kad_post_title":"","_kad_post_layout":"default","_kad_post_sidebar_id":"","_kad_post_content_style":"default","_kad_post_vertical_padding":"default","_kad_post_feature":"","_kad_post_feature_position":"","_kad_post_header":false,"_kad_post_footer":false,"_glsr_average":0,"_glsr_ranking":0,"_glsr_reviews":0},"product_brand":[],"product_cat":[86],"product_tag":[224],"class_list":{"0":"post-2378","1":"product","2":"type-product","3":"status-publish","4":"has-post-thumbnail","6":"product_cat-britannia-srebrna-moneta","7":"product_tag-the-royal-mint","9":"first","10":"instock","11":"shipping-taxable","12":"purchasable","13":"product-type-simple","14":"entry","15":"content-bg","16":"loop-entry"},"acf":[],"taxonomy_info":{"product_cat":[{"value":86,"label":"Britannia Srebrna Moneta"}],"product_tag":[{"value":224,"label":"The Royal Mint"}]},"featured_image_src_large":["https:\/\/metalsradar.com\/wp-content\/uploads\/2024\/01\/1-4-oz-britannia-charles-iii-silver-coin-2024_fe4-2a026d06a772b03f8b5f2c13c2ac9fec.jpg",460,460,false],"author_info":[],"comment_info":0,"_links":{"self":[{"href":"https:\/\/metalsradar.com\/pl\/wp-json\/wp\/v2\/product\/2378","targetHints":{"allow":["GET"]}}],"collection":[{"href":"https:\/\/metalsradar.com\/pl\/wp-json\/wp\/v2\/product"}],"about":[{"href":"https:\/\/metalsradar.com\/pl\/wp-json\/wp\/v2\/types\/product"}],"replies":[{"embeddable":true,"href":"https:\/\/metalsradar.com\/pl\/wp-json\/wp\/v2\/comments?post=2378"}],"wp:featuredmedia":[{"embeddable":true,"href":"https:\/\/metalsradar.com\/pl\/wp-json\/wp\/v2\/media\/2465"}],"wp:attachment":[{"href":"https:\/\/metalsradar.com\/pl\/wp-json\/wp\/v2\/media?parent=2378"}],"wp:term":[{"taxonomy":"product_brand","embeddable":true,"href":"https:\/\/metalsradar.com\/pl\/wp-json\/wp\/v2\/product_brand?post=2378"},{"taxonomy":"product_cat","embeddable":true,"href":"https:\/\/metalsradar.com\/pl\/wp-json\/wp\/v2\/product_cat?post=2378"},{"taxonomy":"product_tag","embeddable":true,"href":"https:\/\/metalsradar.com\/pl\/wp-json\/wp\/v2\/product_tag?post=2378"}],"curies":[{"name":"wp","href":"https:\/\/api.w.org\/{rel}","templated":true}]}}