{"id":2377,"date":"2024-01-04T12:39:04","date_gmt":"2024-01-04T11:39:04","guid":{"rendered":"https:\/\/metalsradar.com\/shop\/uncategorized\/1-uncja-britannia-karol-iii-srebrna-moneta\/"},"modified":"2026-04-18T10:23:59","modified_gmt":"2026-04-18T09:23:59","slug":"1-uncja-britannia-karol-iii-srebrna-moneta","status":"publish","type":"product","link":"https:\/\/metalsradar.com\/pl\/produkt\/1-uncja-britannia-karol-iii-srebrna-moneta\/","title":{"rendered":"1 Uncja Britannia Karol III Srebrna Moneta"},"content":{"rendered":"<p><span style=\"font-weight: 400\">1 uncja to najpopularniejsza z wag srebrnych monet z serii Britannia, wybijanych przez brytyjsk\u0105 Royal Mint. Do ich produkcji stosuje si\u0119 srebro najwy\u017cszej pr\u00f3by 0,999, a sama moneta posiada natomiast prawie 39 milimetr\u00f3w \u015brednicy oraz nomina\u0142 2 funt\u00f3w.<\/span><\/p>\n<p><span style=\"font-weight: 400\">Na rewersie znajduje si\u0119 posta\u0107 Britannii, czyli kobiecej personifikacji Kr\u00f3lestwa Brytyjskiego. Britannia w prawej r\u0119ce dzier\u017cy tr\u00f3jz\u0105b, w lewej natomiast tarcz\u0119 z flag\u0105 UK. Na obwodzie monety widnieje napis Britannia, opr\u00f3cz tego data wybicia, jej waga w uncjach oraz pr\u00f3ba srebra.<\/span><\/p>\n<p><span style=\"font-weight: 400\">Na awersie znajdujemy natomiast podobizn\u0119 brytyjskiego monarchy. Od pocz\u0105tku bicia serii Britannia by\u0142a to El\u017cbieta II, ale w najnowszych monetach jej wizerunek zosta\u0142 zast\u0105piony podobizn\u0105 Karola III.<\/span><\/p>\n","protected":false},"excerpt":{"rendered":"<p>1 uncja to najpopularniejsza z wag srebrnych monet z serii Britannia, wybijanych przez brytyjsk\u0105 Royal Mint. Do ich produkcji stosuje si\u0119 srebro najwy\u017cszej pr\u00f3by 0,999, a sama moneta posiada natomiast prawie 39 milimetr\u00f3w \u015brednicy oraz nomina\u0142 2 funt\u00f3w. Na rewersie znajduje si\u0119 posta\u0107 Britannii, czyli kobiecej personifikacji Kr\u00f3lestwa Brytyjskiego. Britannia w prawej r\u0119ce dzier\u017cy tr\u00f3jz\u0105b,&#8230;<\/p>\n","protected":false},"featured_media":2491,"comment_status":"open","ping_status":"closed","template":"","meta":{"_acf_changed":false,"inline_featured_image":false,"_kad_blocks_custom_css":"","_kad_blocks_head_custom_js":"","_kad_blocks_body_custom_js":"","_kad_blocks_footer_custom_js":"","_kad_post_transparent":"default","_kad_post_title":"","_kad_post_layout":"default","_kad_post_sidebar_id":"","_kad_post_content_style":"default","_kad_post_vertical_padding":"default","_kad_post_feature":"","_kad_post_feature_position":"","_kad_post_header":false,"_kad_post_footer":false,"_glsr_average":0,"_glsr_ranking":0,"_glsr_reviews":0},"product_brand":[],"product_cat":[86],"product_tag":[224],"class_list":{"0":"post-2377","1":"product","2":"type-product","3":"status-publish","4":"has-post-thumbnail","6":"product_cat-britannia-srebrna-moneta","7":"product_tag-the-royal-mint","9":"first","10":"instock","11":"shipping-taxable","12":"purchasable","13":"product-type-simple","14":"entry","15":"content-bg","16":"loop-entry"},"acf":[],"taxonomy_info":{"product_cat":[{"value":86,"label":"Britannia Srebrna Moneta"}],"product_tag":[{"value":224,"label":"The Royal Mint"}]},"featured_image_src_large":["https:\/\/metalsradar.com\/wp-content\/uploads\/2024\/01\/pol_pm_ZESTAW-SREBRNYCH-MONET-BRITANNIA-KROL-KAROL-III-1oz-x-100-szt-565_1.jpg",450,450,false],"author_info":[],"comment_info":0,"_links":{"self":[{"href":"https:\/\/metalsradar.com\/pl\/wp-json\/wp\/v2\/product\/2377","targetHints":{"allow":["GET"]}}],"collection":[{"href":"https:\/\/metalsradar.com\/pl\/wp-json\/wp\/v2\/product"}],"about":[{"href":"https:\/\/metalsradar.com\/pl\/wp-json\/wp\/v2\/types\/product"}],"replies":[{"embeddable":true,"href":"https:\/\/metalsradar.com\/pl\/wp-json\/wp\/v2\/comments?post=2377"}],"wp:featuredmedia":[{"embeddable":true,"href":"https:\/\/metalsradar.com\/pl\/wp-json\/wp\/v2\/media\/2491"}],"wp:attachment":[{"href":"https:\/\/metalsradar.com\/pl\/wp-json\/wp\/v2\/media?parent=2377"}],"wp:term":[{"taxonomy":"product_brand","embeddable":true,"href":"https:\/\/metalsradar.com\/pl\/wp-json\/wp\/v2\/product_brand?post=2377"},{"taxonomy":"product_cat","embeddable":true,"href":"https:\/\/metalsradar.com\/pl\/wp-json\/wp\/v2\/product_cat?post=2377"},{"taxonomy":"product_tag","embeddable":true,"href":"https:\/\/metalsradar.com\/pl\/wp-json\/wp\/v2\/product_tag?post=2377"}],"curies":[{"name":"wp","href":"https:\/\/api.w.org\/{rel}","templated":true}]}}