{"id":2367,"date":"2024-01-04T12:39:02","date_gmt":"2024-01-04T11:39:02","guid":{"rendered":"https:\/\/metalsradar.com\/shop\/uncategorized\/25-uncji-lisc-klonowy-srebrna-moneta\/"},"modified":"2026-04-18T10:15:47","modified_gmt":"2026-04-18T09:15:47","slug":"25-uncji-lisc-klonowy-srebrna-moneta","status":"publish","type":"product","link":"https:\/\/metalsradar.com\/pl\/produkt\/25-uncji-lisc-klonowy-srebrna-moneta\/","title":{"rendered":"25 uncji Li\u015b\u0107 Klonowy Srebrna Moneta"},"content":{"rendered":"<p><span style=\"font-weight: 400\">Royal Canadian Mint od ponad 30 lat produkuje srebrn\u0105 wersj\u0119 Li\u015bcia Klonu o wadze 1 uncji. Moneta o \u015brednicy 38 milimetr\u00f3w i nominale 5 CAD jest bardzo popularna w\u015br\u00f3d kolekcjoner\u00f3w i os\u00f3b inwestuj\u0105cych w srebro. Za spraw\u0105 swojej niskiej ceny, cz\u0119sto kupuje si\u0119 j\u0105 r\u00f3wnie\u017c w wi\u0119kszych ilo\u015bciach.<\/span><\/p>\n<p><span style=\"font-weight: 400\">Je\u017celi chcesz naby\u0107 wi\u0119cej srebrnych Li\u015bci Klonu wa\u017c\u0105cych 1 uncj\u0119, oferowana przez Metals Radar tuba zawieraj\u0105ca 25 monet b\u0119dzie doskona\u0142ym wyborem. W atrakcyjnej cenie kupujesz bowiem a\u017c 25 uncji (niemal 800 gram\u00f3w) czystego srebra o pr\u00f3bie 0,999.<\/span><\/p>\n<p><span style=\"font-weight: 400\">Na awersie Kanadyjskiego Li\u015bcia Klonowego znajduje si\u0119 szczeg\u00f3\u0142owo wykonana podobizna Kr\u00f3lowej El\u017cbiety II i informacja o nominale, a na rewersie umieszczono tytu\u0142owy li\u015b\u0107, b\u0119d\u0105cy jednym z g\u0142\u00f3wnych symboli Kanady wraz z pr\u00f3b\u0105 srebra wykorzystanego do jego produkcji.<\/span><\/p>\n","protected":false},"excerpt":{"rendered":"<p>Royal Canadian Mint od ponad 30 lat produkuje srebrn\u0105 wersj\u0119 Li\u015bcia Klonu o wadze 1 uncji. Moneta o \u015brednicy 38 milimetr\u00f3w i nominale 5 CAD jest bardzo popularna w\u015br\u00f3d kolekcjoner\u00f3w i os\u00f3b inwestuj\u0105cych w srebro. Za spraw\u0105 swojej niskiej ceny, cz\u0119sto kupuje si\u0119 j\u0105 r\u00f3wnie\u017c w wi\u0119kszych ilo\u015bciach. Je\u017celi chcesz naby\u0107 wi\u0119cej srebrnych Li\u015bci Klonu&#8230;<\/p>\n","protected":false},"featured_media":2441,"comment_status":"open","ping_status":"closed","template":"","meta":{"_acf_changed":false,"inline_featured_image":false,"_kad_blocks_custom_css":"","_kad_blocks_head_custom_js":"","_kad_blocks_body_custom_js":"","_kad_blocks_footer_custom_js":"","_kad_post_transparent":"default","_kad_post_title":"","_kad_post_layout":"default","_kad_post_sidebar_id":"","_kad_post_content_style":"default","_kad_post_vertical_padding":"default","_kad_post_feature":"","_kad_post_feature_position":"","_kad_post_header":false,"_kad_post_footer":false,"_glsr_average":0,"_glsr_ranking":0,"_glsr_reviews":0},"product_brand":[],"product_cat":[83],"product_tag":[233],"class_list":{"0":"post-2367","1":"product","2":"type-product","3":"status-publish","4":"has-post-thumbnail","6":"product_cat-lisc-klonowy-srebrna-moneta","7":"product_tag-royal-canadian-mint","9":"first","10":"instock","11":"shipping-taxable","12":"purchasable","13":"product-type-simple","14":"entry","15":"content-bg","16":"loop-entry"},"acf":[],"taxonomy_info":{"product_cat":[{"value":83,"label":"Li\u015b\u0107 Klonowy Srebrna Moneta"}],"product_tag":[{"value":233,"label":"Royal Canadian Mint"}]},"featured_image_src_large":["https:\/\/metalsradar.com\/wp-content\/uploads\/2024\/01\/pol_pm_ZESTAW-SREBRNYCH-MONET-KANADYJSKI-LISC-KLONOWY-1-oz-x-500-szt-572_5.jpg",450,450,false],"author_info":[],"comment_info":0,"_links":{"self":[{"href":"https:\/\/metalsradar.com\/pl\/wp-json\/wp\/v2\/product\/2367","targetHints":{"allow":["GET"]}}],"collection":[{"href":"https:\/\/metalsradar.com\/pl\/wp-json\/wp\/v2\/product"}],"about":[{"href":"https:\/\/metalsradar.com\/pl\/wp-json\/wp\/v2\/types\/product"}],"replies":[{"embeddable":true,"href":"https:\/\/metalsradar.com\/pl\/wp-json\/wp\/v2\/comments?post=2367"}],"wp:featuredmedia":[{"embeddable":true,"href":"https:\/\/metalsradar.com\/pl\/wp-json\/wp\/v2\/media\/2441"}],"wp:attachment":[{"href":"https:\/\/metalsradar.com\/pl\/wp-json\/wp\/v2\/media?parent=2367"}],"wp:term":[{"taxonomy":"product_brand","embeddable":true,"href":"https:\/\/metalsradar.com\/pl\/wp-json\/wp\/v2\/product_brand?post=2367"},{"taxonomy":"product_cat","embeddable":true,"href":"https:\/\/metalsradar.com\/pl\/wp-json\/wp\/v2\/product_cat?post=2367"},{"taxonomy":"product_tag","embeddable":true,"href":"https:\/\/metalsradar.com\/pl\/wp-json\/wp\/v2\/product_tag?post=2367"}],"curies":[{"name":"wp","href":"https:\/\/api.w.org\/{rel}","templated":true}]}}